{"id":1120,"date":"2020-10-28T14:56:52","date_gmt":"2020-10-28T17:56:52","guid":{"rendered":"https:\/\/comprenowhats.com.br\/anacaprimacae\/produto\/chinelo-de-dedo-dourado-couro\/"},"modified":"2022-05-18T11:33:44","modified_gmt":"2022-05-18T14:33:44","slug":"chinelo-de-dedo-dourado-couro","status":"publish","type":"product","link":"https:\/\/comprenowhats.com.br\/anacaprimacae\/produto\/chinelo-de-dedo-dourado-couro\/","title":{"rendered":"Chinelo de Dedo Dourado Couro"},"content":{"rendered":"<p>Chinelo de dedo rasteiro dourado de couro. O modelo tem bico quadrado e palmilha marrom com nome da marca. Traz duas tiras largas dividindo os dedos. Deixa todo o p\u00e9 \u00e0 mostra.<\/p>\n<p><b>Porque Apostar<\/b><\/br><\/br>Despojado, fresco e pr\u00e1tico, o chinelo flat \u00e9 aquele modelo mega vers\u00e1til para usar em casa, na praia, para passear ou at\u00e9 para dar uma sa\u00edda rapidinha. Mais confort\u00e1vel imposs\u00edvel, o chinelo vai bem com tudo! Para ter um de cada cor, n\u00e9?<\/p>\n<div style='text-align: center'><img src='https:\/\/secure-static.anacapri.com.br\/medias\/sys_master\/anacapri\/anacapri\/h0f\/h1f\/h00\/h00\/9921680932894\/3024400060004U-03-BASEIMAGE-Midres.jpg' style='max-height: 400px' \/><img src='https:\/\/secure-static.anacapri.com.br\/medias\/sys_master\/anacapri\/anacapri\/hb1\/h82\/h00\/h00\/9921681260574\/3024400060004U-04-BASEIMAGE-Midres.jpg' style='max-height: 400px' \/><img src='https:\/\/secure-static.anacapri.com.br\/medias\/sys_master\/anacapri\/anacapri\/ha9\/h38\/h00\/h00\/9921681588254\/3024400060004U-05-BASEIMAGE-Midres.jpg' style='max-height: 400px' \/><img src='https:\/\/secure-static.anacapri.com.br\/medias\/sys_master\/anacapri\/anacapri\/h9f\/h43\/h00\/h00\/9921681915934\/3024400060004U-06-BASEIMAGE-Midres.jpg' style='max-height: 400px' \/><img src='https:\/\/secure-static.anacapri.com.br\/medias\/sys_master\/anacapri\/anacapri\/h02\/h20\/h00\/h00\/9921682243614\/3024400060004U-07-BASEIMAGE-Midres.jpg' style='max-height: 400px' \/><img src='https:\/\/secure-static.anacapri.com.br\/medias\/sys_master\/anacapri\/anacapri\/hed\/h27\/h00\/h00\/9921682571294\/3024400060004U-08-BASEIMAGE-Midres.jpg' style='max-height: 400px' \/><\/div>\n<p>* Entre em contato por WhatsApp para verificar a disponibilidade do produto. Ref.: C3024400060004<\/p>\n","protected":false},"excerpt":{"rendered":"<p>Estoque indispon\u00edvel.<br \/><small>atualizado em 18\/05\/2022.<\/p>\n","protected":false},"featured_media":1119,"template":"","meta":[],"product_cat":[49],"product_tag":[23],"_links":{"self":[{"href":"https:\/\/comprenowhats.com.br\/anacaprimacae\/wp-json\/wp\/v2\/product\/1120"}],"collection":[{"href":"https:\/\/comprenowhats.com.br\/anacaprimacae\/wp-json\/wp\/v2\/product"}],"about":[{"href":"https:\/\/comprenowhats.com.br\/anacaprimacae\/wp-json\/wp\/v2\/types\/product"}],"wp:featuredmedia":[{"embeddable":true,"href":"https:\/\/comprenowhats.com.br\/anacaprimacae\/wp-json\/wp\/v2\/media\/1119"}],"wp:attachment":[{"href":"https:\/\/comprenowhats.com.br\/anacaprimacae\/wp-json\/wp\/v2\/media?parent=1120"}],"wp:term":[{"taxonomy":"product_cat","embeddable":true,"href":"https:\/\/comprenowhats.com.br\/anacaprimacae\/wp-json\/wp\/v2\/product_cat?post=1120"},{"taxonomy":"product_tag","embeddable":true,"href":"https:\/\/comprenowhats.com.br\/anacaprimacae\/wp-json\/wp\/v2\/product_tag?post=1120"}],"curies":[{"name":"wp","href":"https:\/\/api.w.org\/{rel}","templated":true}]}}