{"id":1116,"date":"2020-10-28T14:56:49","date_gmt":"2020-10-28T17:56:49","guid":{"rendered":"https:\/\/comprenowhats.com.br\/anacaprimacae\/produto\/rasteira-preta-fita\/"},"modified":"2023-11-28T17:20:25","modified_gmt":"2023-11-28T20:20:25","slug":"rasteira-preta-fita","status":"publish","type":"product","link":"https:\/\/comprenowhats.com.br\/anacaprimacae\/produto\/rasteira-preta-fita\/","title":{"rendered":"Rasteira Preta Fita"},"content":{"rendered":"<p>Sand\u00e1lia rasteira preta. O modelo tem bico quadrado e palmilha marrom com nome da marca. Traz duas tiras largas em fita, cruzadas sobre o peito do p\u00e9, com inscri\u00e7\u00e3o ANACAPRI em branco. Deixa dedos e calcanhar \u00e0 mostra.<\/p>\n<p><b>Porque Apostar<\/b><\/br><\/br>Super fresquinha, a rasteira \u00e9 perfeita para criar looks descomplicados e charmosos pro dia a dia! Mega confort\u00e1vel e pr\u00e1tica de cal\u00e7ar, traz uma vibe esportiva e fica linda com jeans! Combine com acess\u00f3rios coloridos e tiracolo divertida!<\/p>\n<div style='text-align: center'><img src='https:\/\/secure-static.anacapri.com.br\/medias\/sys_master\/anacapri\/anacapri\/ha6\/h15\/h00\/h00\/9941216395294\/3024400080002U-05-BASEIMAGE-Midres.jpg' style='max-height: 400px' \/><img src='https:\/\/secure-static.anacapri.com.br\/medias\/sys_master\/anacapri\/anacapri\/hb0\/h0a\/h00\/h00\/9941216722974\/3024400080002U-06-BASEIMAGE-Midres.jpg' style='max-height: 400px' \/><img src='https:\/\/secure-static.anacapri.com.br\/medias\/sys_master\/anacapri\/anacapri\/h53\/h6e\/h00\/h00\/9941217050654\/3024400080002U-07-BASEIMAGE-Midres.jpg' style='max-height: 400px' \/><\/div>\n<p>* Entre em contato por WhatsApp para verificar a disponibilidade do produto. Ref.: C3024400080002<\/p>\n","protected":false},"excerpt":{"rendered":"<p>Estoque dispon\u00edvel nos tamanhos: ULTIMA_ESTACAO, 34, 35, 36, 37, 38, 39.<br \/><small>atualizado em 28\/11\/2023.<\/p>\n","protected":false},"featured_media":1115,"template":"","meta":[],"product_cat":[49],"product_tag":[22,23,24,25,26,27,103],"_links":{"self":[{"href":"https:\/\/comprenowhats.com.br\/anacaprimacae\/wp-json\/wp\/v2\/product\/1116"}],"collection":[{"href":"https:\/\/comprenowhats.com.br\/anacaprimacae\/wp-json\/wp\/v2\/product"}],"about":[{"href":"https:\/\/comprenowhats.com.br\/anacaprimacae\/wp-json\/wp\/v2\/types\/product"}],"wp:featuredmedia":[{"embeddable":true,"href":"https:\/\/comprenowhats.com.br\/anacaprimacae\/wp-json\/wp\/v2\/media\/1115"}],"wp:attachment":[{"href":"https:\/\/comprenowhats.com.br\/anacaprimacae\/wp-json\/wp\/v2\/media?parent=1116"}],"wp:term":[{"taxonomy":"product_cat","embeddable":true,"href":"https:\/\/comprenowhats.com.br\/anacaprimacae\/wp-json\/wp\/v2\/product_cat?post=1116"},{"taxonomy":"product_tag","embeddable":true,"href":"https:\/\/comprenowhats.com.br\/anacaprimacae\/wp-json\/wp\/v2\/product_tag?post=1116"}],"curies":[{"name":"wp","href":"https:\/\/api.w.org\/{rel}","templated":true}]}}