{"id":1114,"date":"2020-10-28T14:56:48","date_gmt":"2020-10-28T17:56:48","guid":{"rendered":"https:\/\/comprenowhats.com.br\/anacaprimacae\/produto\/rasteira-slide-marrom-metais\/"},"modified":"2022-05-18T11:34:14","modified_gmt":"2022-05-18T14:34:14","slug":"rasteira-slide-marrom-metais","status":"publish","type":"product","link":"https:\/\/comprenowhats.com.br\/anacaprimacae\/produto\/rasteira-slide-marrom-metais\/","title":{"rendered":"Rasteira Slide Marrom Metais"},"content":{"rendered":"<p>Sand\u00e1lia rasteira marrom. O modelo tem bico quadrado e palmilha com nome da marca. Traz tira larga recortada sobre o peito do p\u00e9, com aplica\u00e7\u00e3o de pe\u00e7as met\u00e1licas redondas e texturizadas. Deixa dedos e calcanhar \u00e0 mostra.<\/p>\n<p><b>Porque Apostar<\/b><\/br><\/br>Mega charmosa e descomplicada, a rasteira \u00e9 a cara da esta\u00e7\u00e3o! O modelo flat \u00e9 pr\u00e1tico e fica lindo com tantos lookinhos que voc\u00ea vai se apaixonar pela versatilidade dessa sand\u00e1lia, mana! O detalhe das pe\u00e7as met\u00e1licas d\u00e1 toda a gra\u00e7a e \u00e9 trendy!<\/p>\n<div style='text-align: center'><img src='https:\/\/secure-static.anacapri.com.br\/medias\/sys_master\/anacapri\/anacapri\/h29\/h31\/h00\/h00\/9931949670430\/3024500050001U-03-BASEIMAGE-Midres.jpg' style='max-height: 400px' \/><img src='https:\/\/secure-static.anacapri.com.br\/medias\/sys_master\/anacapri\/anacapri\/h32\/h8a\/h00\/h00\/9931949998110\/3024500050001U-04-BASEIMAGE-Midres.jpg' style='max-height: 400px' \/><img src='https:\/\/secure-static.anacapri.com.br\/medias\/sys_master\/anacapri\/anacapri\/h41\/h5b\/h00\/h00\/9931950325790\/3024500050001U-05-BASEIMAGE-Midres.jpg' style='max-height: 400px' \/><img src='https:\/\/secure-static.anacapri.com.br\/medias\/sys_master\/anacapri\/anacapri\/hab\/h0b\/h00\/h00\/9931950653470\/3024500050001U-06-BASEIMAGE-Midres.jpg' style='max-height: 400px' \/><img src='https:\/\/secure-static.anacapri.com.br\/medias\/sys_master\/anacapri\/anacapri\/hf0\/hbd\/h00\/h00\/9931951308830\/3024500050001U-08-BASEIMAGE-Midres.jpg' style='max-height: 400px' \/><\/div>\n<p>* Entre em contato por WhatsApp para verificar a disponibilidade do produto. Ref.: C3024500050001<\/p>\n","protected":false},"excerpt":{"rendered":"<p>Estoque dispon\u00edvel nos tamanhos: 34, 35, 36, 37, 39.<br \/><small>atualizado em 18\/05\/2022.<\/p>\n","protected":false},"featured_media":1113,"template":"","meta":[],"product_cat":[49],"product_tag":[22,23,24,25,27],"_links":{"self":[{"href":"https:\/\/comprenowhats.com.br\/anacaprimacae\/wp-json\/wp\/v2\/product\/1114"}],"collection":[{"href":"https:\/\/comprenowhats.com.br\/anacaprimacae\/wp-json\/wp\/v2\/product"}],"about":[{"href":"https:\/\/comprenowhats.com.br\/anacaprimacae\/wp-json\/wp\/v2\/types\/product"}],"wp:featuredmedia":[{"embeddable":true,"href":"https:\/\/comprenowhats.com.br\/anacaprimacae\/wp-json\/wp\/v2\/media\/1113"}],"wp:attachment":[{"href":"https:\/\/comprenowhats.com.br\/anacaprimacae\/wp-json\/wp\/v2\/media?parent=1114"}],"wp:term":[{"taxonomy":"product_cat","embeddable":true,"href":"https:\/\/comprenowhats.com.br\/anacaprimacae\/wp-json\/wp\/v2\/product_cat?post=1114"},{"taxonomy":"product_tag","embeddable":true,"href":"https:\/\/comprenowhats.com.br\/anacaprimacae\/wp-json\/wp\/v2\/product_tag?post=1114"}],"curies":[{"name":"wp","href":"https:\/\/api.w.org\/{rel}","templated":true}]}}