{"id":1112,"date":"2020-10-28T14:56:46","date_gmt":"2020-10-28T17:56:46","guid":{"rendered":"https:\/\/comprenowhats.com.br\/anacaprimacae\/produto\/rasteira-slide-preta-metais\/"},"modified":"2022-05-18T11:33:31","modified_gmt":"2022-05-18T14:33:31","slug":"rasteira-slide-preta-metais","status":"publish","type":"product","link":"https:\/\/comprenowhats.com.br\/anacaprimacae\/produto\/rasteira-slide-preta-metais\/","title":{"rendered":"Rasteira Slide Preta Metais"},"content":{"rendered":"<p>Sand\u00e1lia rasteira preta. O modelo tem bico quadrado e palmilha com nome da marca. Traz tira larga recortada sobre o peito do p\u00e9, com aplica\u00e7\u00e3o de pe\u00e7as met\u00e1licas redondas e texturizadas. Deixa dedos e calcanhar \u00e0 mostra.<\/p>\n<p><b>Porque Apostar<\/b><\/br><\/br>Mega charmosa e descomplicada, a rasteira \u00e9 a cara da esta\u00e7\u00e3o! O modelo flat \u00e9 pr\u00e1tico e fica lindo com tantos lookinhos que voc\u00ea vai se apaixonar pela versatilidade dessa sand\u00e1lia, mana! O detalhe das pe\u00e7as met\u00e1licas d\u00e1 toda a gra\u00e7a e \u00e9 trendy!<\/p>\n<div style='text-align: center'><img src='https:\/\/secure-static.anacapri.com.br\/medias\/sys_master\/anacapri\/anacapri\/hf9\/hca\/h00\/h00\/9931942789150\/3024500050003U-03-BASEIMAGE-Midres.jpg' style='max-height: 400px' \/><img src='https:\/\/secure-static.anacapri.com.br\/medias\/sys_master\/anacapri\/anacapri\/he2\/hc1\/h00\/h00\/9931943116830\/3024500050003U-04-BASEIMAGE-Midres.jpg' style='max-height: 400px' \/><img src='https:\/\/secure-static.anacapri.com.br\/medias\/sys_master\/anacapri\/anacapri\/h4c\/h72\/h00\/h00\/9931943444510\/3024500050003U-05-BASEIMAGE-Midres.jpg' style='max-height: 400px' \/><img src='https:\/\/secure-static.anacapri.com.br\/medias\/sys_master\/anacapri\/anacapri\/h62\/h6a\/h00\/h00\/9931943772190\/3024500050003U-06-BASEIMAGE-Midres.jpg' style='max-height: 400px' \/><img src='https:\/\/secure-static.anacapri.com.br\/medias\/sys_master\/anacapri\/anacapri\/h58\/he3\/h00\/h00\/9931944427550\/3024500050003U-08-BASEIMAGE-Midres.jpg' style='max-height: 400px' \/><\/div>\n<p>* Entre em contato por WhatsApp para verificar a disponibilidade do produto. Ref.: C3024500050003<\/p>\n","protected":false},"excerpt":{"rendered":"<p>Estoque dispon\u00edvel nos tamanhos: 34, 35, 36, 37.<br \/><small>atualizado em 18\/05\/2022.<\/p>\n","protected":false},"featured_media":1111,"template":"","meta":[],"product_cat":[49],"product_tag":[22,23,24,25],"_links":{"self":[{"href":"https:\/\/comprenowhats.com.br\/anacaprimacae\/wp-json\/wp\/v2\/product\/1112"}],"collection":[{"href":"https:\/\/comprenowhats.com.br\/anacaprimacae\/wp-json\/wp\/v2\/product"}],"about":[{"href":"https:\/\/comprenowhats.com.br\/anacaprimacae\/wp-json\/wp\/v2\/types\/product"}],"wp:featuredmedia":[{"embeddable":true,"href":"https:\/\/comprenowhats.com.br\/anacaprimacae\/wp-json\/wp\/v2\/media\/1111"}],"wp:attachment":[{"href":"https:\/\/comprenowhats.com.br\/anacaprimacae\/wp-json\/wp\/v2\/media?parent=1112"}],"wp:term":[{"taxonomy":"product_cat","embeddable":true,"href":"https:\/\/comprenowhats.com.br\/anacaprimacae\/wp-json\/wp\/v2\/product_cat?post=1112"},{"taxonomy":"product_tag","embeddable":true,"href":"https:\/\/comprenowhats.com.br\/anacaprimacae\/wp-json\/wp\/v2\/product_tag?post=1112"}],"curies":[{"name":"wp","href":"https:\/\/api.w.org\/{rel}","templated":true}]}}