{"id":1104,"date":"2020-10-28T14:56:42","date_gmt":"2020-10-28T17:56:42","guid":{"rendered":"https:\/\/comprenowhats.com.br\/anacaprimacae\/produto\/carteira-preta-e-bege-retangular\/"},"modified":"2021-04-14T13:07:12","modified_gmt":"2021-04-14T16:07:12","slug":"carteira-preta-e-bege-retangular","status":"publish","type":"product","link":"https:\/\/comprenowhats.com.br\/anacaprimacae\/produto\/carteira-preta-e-bege-retangular\/","title":{"rendered":"Carteira Preta e Bege Retangular"},"content":{"rendered":"<p>Carteira preta. O modelo tem formato retangular e fecho em tira bege com encaixe met\u00e1lico na capa frontal. Parte interna bege com divis\u00f3rias para cart\u00f5es e dinheiro e bolso com fecho em z\u00edper e puxador. <\/p>\n<p><b>Porque Apostar<\/b><\/br><\/br>A carteira que vai facilitar a sua rotina e inserir charme nas produ\u00e7\u00f5es do dia a dia! Mega pr\u00e1tica, tem espa\u00e7o de sobra para acomodar dinheiro, moedas e cart\u00f5es com facilidade. Em um mix de cores neutras, \u00e9 vers\u00e1til e combina com diferentes bolsas.<\/p>\n<div style='text-align: center'><img src='https:\/\/secure-static.anacapri.com.br\/medias\/sys_master\/anacapri\/anacapri\/hc2\/h28\/h00\/h00\/9911313301534\/4001800170004U-07-BASEIMAGE-Midres.jpg' style='max-height: 400px' \/><img src='https:\/\/secure-static.anacapri.com.br\/medias\/sys_master\/anacapri\/anacapri\/h1d\/he4\/h00\/h00\/9911313629214\/4001800170004U-08-BASEIMAGE-Midres.jpg' style='max-height: 400px' \/><\/div>\n<p>* Entre em contato por WhatsApp para verificar a disponibilidade do produto. Ref.: C4001800170004<\/p>\n","protected":false},"excerpt":{"rendered":"<p>Em estoque.<br \/><small>atualizado em 14\/04\/2021.<\/p>\n","protected":false},"featured_media":1103,"template":"","meta":[],"product_cat":[59],"product_tag":[],"_links":{"self":[{"href":"https:\/\/comprenowhats.com.br\/anacaprimacae\/wp-json\/wp\/v2\/product\/1104"}],"collection":[{"href":"https:\/\/comprenowhats.com.br\/anacaprimacae\/wp-json\/wp\/v2\/product"}],"about":[{"href":"https:\/\/comprenowhats.com.br\/anacaprimacae\/wp-json\/wp\/v2\/types\/product"}],"wp:featuredmedia":[{"embeddable":true,"href":"https:\/\/comprenowhats.com.br\/anacaprimacae\/wp-json\/wp\/v2\/media\/1103"}],"wp:attachment":[{"href":"https:\/\/comprenowhats.com.br\/anacaprimacae\/wp-json\/wp\/v2\/media?parent=1104"}],"wp:term":[{"taxonomy":"product_cat","embeddable":true,"href":"https:\/\/comprenowhats.com.br\/anacaprimacae\/wp-json\/wp\/v2\/product_cat?post=1104"},{"taxonomy":"product_tag","embeddable":true,"href":"https:\/\/comprenowhats.com.br\/anacaprimacae\/wp-json\/wp\/v2\/product_tag?post=1104"}],"curies":[{"name":"wp","href":"https:\/\/api.w.org\/{rel}","templated":true}]}}