{"id":1102,"date":"2020-10-28T14:56:41","date_gmt":"2020-10-28T17:56:41","guid":{"rendered":"https:\/\/comprenowhats.com.br\/anacaprimacae\/produto\/rasteira-bege-fita-ginger\/"},"modified":"2022-05-18T11:34:10","modified_gmt":"2022-05-18T14:34:10","slug":"rasteira-bege-fita-ginger","status":"publish","type":"product","link":"https:\/\/comprenowhats.com.br\/anacaprimacae\/produto\/rasteira-bege-fita-ginger\/","title":{"rendered":"Rasteira Bege Fita Ginger"},"content":{"rendered":"<p>Sand\u00e1lia rasteira laranja. O modelo tem bico quadrado e palmilha marrom com nome da marca. Traz duas tiras largas em fita, cruzadas sobre o peito do p\u00e9, com inscri\u00e7\u00e3o ANACAPRI em branco. Deixa dedos e calcanhar \u00e0 mostra.<\/p>\n<p><b>Porque Apostar<\/b><\/br><\/br>Super fresquinha, a rasteira \u00e9 perfeita para criar looks descomplicados e charmosos pro dia a dia! Mega confort\u00e1vel e pr\u00e1tica de cal\u00e7ar, traz uma vibe esportiva e fica linda com jeans! Combine com acess\u00f3rios coloridos e tiracolo divertida!<\/p>\n<div style='text-align: center'><img src='https:\/\/secure-static.anacapri.com.br\/medias\/sys_master\/anacapri\/anacapri\/he1\/hfc\/h00\/h00\/9941217869854\/3024400080004U-03-BASEIMAGE-Midres.jpg' style='max-height: 400px' \/><img src='https:\/\/secure-static.anacapri.com.br\/medias\/sys_master\/anacapri\/anacapri\/h7c\/h9f\/h00\/h00\/9941218197534\/3024400080004U-04-BASEIMAGE-Midres.jpg' style='max-height: 400px' \/><img src='https:\/\/secure-static.anacapri.com.br\/medias\/sys_master\/anacapri\/anacapri\/h53\/h03\/h00\/h00\/9941218525214\/3024400080004U-05-BASEIMAGE-Midres.jpg' style='max-height: 400px' \/><img src='https:\/\/secure-static.anacapri.com.br\/medias\/sys_master\/anacapri\/anacapri\/h87\/ha2\/h00\/h00\/9941218852894\/3024400080004U-06-BASEIMAGE-Midres.jpg' style='max-height: 400px' \/><img src='https:\/\/secure-static.anacapri.com.br\/medias\/sys_master\/anacapri\/anacapri\/he5\/h3e\/h00\/h00\/9941219180574\/3024400080004U-07-BASEIMAGE-Midres.jpg' style='max-height: 400px' \/><img src='https:\/\/secure-static.anacapri.com.br\/medias\/sys_master\/anacapri\/anacapri\/h07\/ha7\/h00\/h00\/9941219508254\/3024400080004U-08-BASEIMAGE-Midres.jpg' style='max-height: 400px' \/><\/div>\n<p>* Entre em contato por WhatsApp para verificar a disponibilidade do produto. Ref.: C3024400080004<\/p>\n","protected":false},"excerpt":{"rendered":"<p>Estoque indispon\u00edvel.<br \/><small>atualizado em 18\/05\/2022.<\/p>\n","protected":false},"featured_media":1101,"template":"","meta":[],"product_cat":[49],"product_tag":[23],"_links":{"self":[{"href":"https:\/\/comprenowhats.com.br\/anacaprimacae\/wp-json\/wp\/v2\/product\/1102"}],"collection":[{"href":"https:\/\/comprenowhats.com.br\/anacaprimacae\/wp-json\/wp\/v2\/product"}],"about":[{"href":"https:\/\/comprenowhats.com.br\/anacaprimacae\/wp-json\/wp\/v2\/types\/product"}],"wp:featuredmedia":[{"embeddable":true,"href":"https:\/\/comprenowhats.com.br\/anacaprimacae\/wp-json\/wp\/v2\/media\/1101"}],"wp:attachment":[{"href":"https:\/\/comprenowhats.com.br\/anacaprimacae\/wp-json\/wp\/v2\/media?parent=1102"}],"wp:term":[{"taxonomy":"product_cat","embeddable":true,"href":"https:\/\/comprenowhats.com.br\/anacaprimacae\/wp-json\/wp\/v2\/product_cat?post=1102"},{"taxonomy":"product_tag","embeddable":true,"href":"https:\/\/comprenowhats.com.br\/anacaprimacae\/wp-json\/wp\/v2\/product_tag?post=1102"}],"curies":[{"name":"wp","href":"https:\/\/api.w.org\/{rel}","templated":true}]}}