{"id":1100,"date":"2020-10-28T14:56:39","date_gmt":"2020-10-28T17:56:39","guid":{"rendered":"https:\/\/comprenowhats.com.br\/anacaprimacae\/produto\/pochete-preta-retro\/"},"modified":"2022-05-18T11:33:24","modified_gmt":"2022-05-18T14:33:24","slug":"pochete-preta-retro","status":"publish","type":"product","link":"https:\/\/comprenowhats.com.br\/anacaprimacae\/produto\/pochete-preta-retro\/","title":{"rendered":"Pochete Preta Retr\u00f4"},"content":{"rendered":"<p>Para ser usada super modernosa atravessada no colo ou do jeitinho cl\u00e1ssico na cintura, a pochete veio e veio pra ficar! Com shape minimal e detalhes em metal, ela traz aquela vibe retr\u00f4 pro look ao mesmo tempo que atualiza qualquer visual: uma alquimia de moods que s\u00f3 a pochete consegue misturar! Se joga, mana \ud83d\ude42<\/p>\n<div style='text-align: center'><img src='https:\/\/secure-static.anacapri.com.br\/medias\/sys_master\/anacapri\/anacapri\/h81\/hb0\/h00\/h00\/9837594673182\/5001202740001U-04-BASEIMAGE-Midres.jpg' style='max-height: 400px' \/><img src='https:\/\/secure-static.anacapri.com.br\/medias\/sys_master\/anacapri\/anacapri\/hbc\/hc0\/h00\/h00\/9837594837022\/5001202740001U-05-BASEIMAGE-Midres.jpg' style='max-height: 400px' \/><img src='https:\/\/secure-static.anacapri.com.br\/medias\/sys_master\/anacapri\/anacapri\/h6a\/ha7\/h00\/h00\/9837595000862\/5001202740001U-06-BASEIMAGE-Midres.jpg' style='max-height: 400px' \/><\/div>\n<p>* Entre em contato por WhatsApp para verificar a disponibilidade do produto. Ref.: C5001202740001<\/p>\n","protected":false},"excerpt":{"rendered":"<p>Estoque indispon\u00edvel.<br \/><small>atualizado em 18\/05\/2022.<\/p>\n","protected":false},"featured_media":1099,"template":"","meta":[],"product_cat":[58],"product_tag":[],"_links":{"self":[{"href":"https:\/\/comprenowhats.com.br\/anacaprimacae\/wp-json\/wp\/v2\/product\/1100"}],"collection":[{"href":"https:\/\/comprenowhats.com.br\/anacaprimacae\/wp-json\/wp\/v2\/product"}],"about":[{"href":"https:\/\/comprenowhats.com.br\/anacaprimacae\/wp-json\/wp\/v2\/types\/product"}],"wp:featuredmedia":[{"embeddable":true,"href":"https:\/\/comprenowhats.com.br\/anacaprimacae\/wp-json\/wp\/v2\/media\/1099"}],"wp:attachment":[{"href":"https:\/\/comprenowhats.com.br\/anacaprimacae\/wp-json\/wp\/v2\/media?parent=1100"}],"wp:term":[{"taxonomy":"product_cat","embeddable":true,"href":"https:\/\/comprenowhats.com.br\/anacaprimacae\/wp-json\/wp\/v2\/product_cat?post=1100"},{"taxonomy":"product_tag","embeddable":true,"href":"https:\/\/comprenowhats.com.br\/anacaprimacae\/wp-json\/wp\/v2\/product_tag?post=1100"}],"curies":[{"name":"wp","href":"https:\/\/api.w.org\/{rel}","templated":true}]}}