{"id":1098,"date":"2020-10-28T14:56:33","date_gmt":"2020-10-28T17:56:33","guid":{"rendered":"https:\/\/comprenowhats.com.br\/anacaprimacae\/produto\/bolsa-crossbody-preta-media-tresse\/"},"modified":"2022-05-18T11:34:45","modified_gmt":"2022-05-18T14:34:45","slug":"bolsa-crossbody-preta-media-tresse","status":"publish","type":"product","link":"https:\/\/comprenowhats.com.br\/anacaprimacae\/produto\/bolsa-crossbody-preta-media-tresse\/","title":{"rendered":"Bolsa Crossbody Preta M\u00e9dia Tress\u00ea"},"content":{"rendered":"<p>Bolsa crossbody m\u00e9dia preta. O modelo tem formato molinho, estilo saco, e al\u00e7a em tira fina lisa. Traz capas com efeito tress\u00ea e inscri\u00e7\u00e3o do nome da marca. Com fecho superior em z\u00edper, oculto na parte interna, e puxador em tira dupla e argola met\u00e1lica. <\/p>\n<p><b>Porque Apostar<\/b><\/br><\/br>Elegante e a cara da temporada, a bolsa crossbody aposta no tress\u00ea, trend que expressa o mood natural e fresco da esta\u00e7\u00e3o. Fica linda com jeans, batas bordadas e rasteirinha, al\u00e9m de acess\u00f3rios r\u00fasticos. Espa\u00e7osa, vai garantir praticidade e todo o charme para o dia a dia!<\/p>\n<div style='text-align: center'><img src='https:\/\/secure-static.anacapri.com.br\/medias\/sys_master\/anacapri\/anacapri\/h9a\/h8b\/h00\/h00\/9911310680094\/5001601660009U-04-BASEIMAGE-Midres.jpg' style='max-height: 400px' \/><img src='https:\/\/secure-static.anacapri.com.br\/medias\/sys_master\/anacapri\/anacapri\/h3f\/h76\/h00\/h00\/9911311007774\/5001601660009U-05-BASEIMAGE-Midres.jpg' style='max-height: 400px' \/><img src='https:\/\/secure-static.anacapri.com.br\/medias\/sys_master\/anacapri\/anacapri\/ha9\/h26\/h00\/h00\/9911311335454\/5001601660009U-07-BASEIMAGE-Midres.jpg' style='max-height: 400px' \/><\/div>\n<p>* Entre em contato por WhatsApp para verificar a disponibilidade do produto. Ref.: C5001601660009<\/p>\n","protected":false},"excerpt":{"rendered":"<p>Estoque indispon\u00edvel.<br \/><small>atualizado em 18\/05\/2022.<\/p>\n","protected":false},"featured_media":1097,"template":"","meta":[],"product_cat":[32],"product_tag":[],"_links":{"self":[{"href":"https:\/\/comprenowhats.com.br\/anacaprimacae\/wp-json\/wp\/v2\/product\/1098"}],"collection":[{"href":"https:\/\/comprenowhats.com.br\/anacaprimacae\/wp-json\/wp\/v2\/product"}],"about":[{"href":"https:\/\/comprenowhats.com.br\/anacaprimacae\/wp-json\/wp\/v2\/types\/product"}],"wp:featuredmedia":[{"embeddable":true,"href":"https:\/\/comprenowhats.com.br\/anacaprimacae\/wp-json\/wp\/v2\/media\/1097"}],"wp:attachment":[{"href":"https:\/\/comprenowhats.com.br\/anacaprimacae\/wp-json\/wp\/v2\/media?parent=1098"}],"wp:term":[{"taxonomy":"product_cat","embeddable":true,"href":"https:\/\/comprenowhats.com.br\/anacaprimacae\/wp-json\/wp\/v2\/product_cat?post=1098"},{"taxonomy":"product_tag","embeddable":true,"href":"https:\/\/comprenowhats.com.br\/anacaprimacae\/wp-json\/wp\/v2\/product_tag?post=1098"}],"curies":[{"name":"wp","href":"https:\/\/api.w.org\/{rel}","templated":true}]}}