{"id":1094,"date":"2020-10-28T14:56:32","date_gmt":"2020-10-28T17:56:32","guid":{"rendered":"https:\/\/comprenowhats.com.br\/anacaprimacae\/produto\/crossbody-cru-juta-pequena-bege\/"},"modified":"2022-05-18T11:34:47","modified_gmt":"2022-05-18T14:34:47","slug":"crossbody-cru-juta-pequena-bege","status":"publish","type":"product","link":"https:\/\/comprenowhats.com.br\/anacaprimacae\/produto\/crossbody-cru-juta-pequena-bege\/","title":{"rendered":"Crossbody Cru Juta Pequena Bege"},"content":{"rendered":"<p>Bolsa tiracolo pequena em juta de corda natural. O modelo tem laterais arredondadas e al\u00e7a tiracolo em tira fininha bege. Traz fecho superior em z\u00edper com puxador bege e ilh\u00f3s met\u00e1lico com inscri\u00e7\u00e3o do nome da marca. Apresenta ainda tag met\u00e1lica com assinatura ANACAPRI na capa.<\/p>\n<p><b>Porque Apostar<\/b><\/br><\/br>O modelo mais amado vem atualizado em vers\u00e3o natural, em juta de corda. Super charmosa, \u00e9 mara para carregar s\u00f3 o essencial por a\u00ed e sair arrasando! Use com vestido soltinho e rasteira colorida para um look fresco e comfy, a cara da esta\u00e7\u00e3o!<\/p>\n<div style='text-align: center'><img src='https:\/\/secure-static.anacapri.com.br\/medias\/sys_master\/anacapri\/anacapri\/hc1\/h3a\/h00\/h00\/9921683554334\/5001600290151U-04-BASEIMAGE-Midres.jpg' style='max-height: 400px' \/><img src='https:\/\/secure-static.anacapri.com.br\/medias\/sys_master\/anacapri\/anacapri\/hd3\/h14\/h00\/h00\/9921683882014\/5001600290151U-05-BASEIMAGE-Midres.jpg' style='max-height: 400px' \/><img src='https:\/\/secure-static.anacapri.com.br\/medias\/sys_master\/anacapri\/anacapri\/h4d\/hcb\/h00\/h00\/9921684209694\/5001600290151U-06-BASEIMAGE-Midres.jpg' style='max-height: 400px' \/><\/div>\n<p>* Entre em contato por WhatsApp para verificar a disponibilidade do produto. Ref.: C5001600290151<\/p>\n","protected":false},"excerpt":{"rendered":"<p>Estoque indispon\u00edvel.<br \/><small>atualizado em 18\/05\/2022.<\/p>\n","protected":false},"featured_media":1093,"template":"","meta":[],"product_cat":[32],"product_tag":[],"_links":{"self":[{"href":"https:\/\/comprenowhats.com.br\/anacaprimacae\/wp-json\/wp\/v2\/product\/1094"}],"collection":[{"href":"https:\/\/comprenowhats.com.br\/anacaprimacae\/wp-json\/wp\/v2\/product"}],"about":[{"href":"https:\/\/comprenowhats.com.br\/anacaprimacae\/wp-json\/wp\/v2\/types\/product"}],"wp:featuredmedia":[{"embeddable":true,"href":"https:\/\/comprenowhats.com.br\/anacaprimacae\/wp-json\/wp\/v2\/media\/1093"}],"wp:attachment":[{"href":"https:\/\/comprenowhats.com.br\/anacaprimacae\/wp-json\/wp\/v2\/media?parent=1094"}],"wp:term":[{"taxonomy":"product_cat","embeddable":true,"href":"https:\/\/comprenowhats.com.br\/anacaprimacae\/wp-json\/wp\/v2\/product_cat?post=1094"},{"taxonomy":"product_tag","embeddable":true,"href":"https:\/\/comprenowhats.com.br\/anacaprimacae\/wp-json\/wp\/v2\/product_tag?post=1094"}],"curies":[{"name":"wp","href":"https:\/\/api.w.org\/{rel}","templated":true}]}}