{"id":1092,"date":"2020-10-28T14:56:30","date_gmt":"2020-10-28T17:56:30","guid":{"rendered":"https:\/\/comprenowhats.com.br\/anacaprimacae\/produto\/bolsa-shopping-preta-grande\/"},"modified":"2022-05-18T11:34:45","modified_gmt":"2022-05-18T14:34:45","slug":"bolsa-shopping-preta-grande","status":"publish","type":"product","link":"https:\/\/comprenowhats.com.br\/anacaprimacae\/produto\/bolsa-shopping-preta-grande\/","title":{"rendered":"Bolsa Shopping Preta Grande"},"content":{"rendered":"<p>Bolsa shopping grande azul. O modelo tem duas al\u00e7as de ombro marrom e faixa superior marrom com tira fina transpassada e n\u00f3 central. Traz fecho superior e case com frasco para \u00e1lcool em gel, preso a uma das al\u00e7as por tira fina.<\/p>\n<p><b>Porque Apostar<\/b><\/p>\n<p>A bolsa shopping \u00e9 mega pr\u00e1tica e espa\u00e7osa e conta com detalhes charmosos e funcionais, como o porta-\u00e1lcool em gel na parte externa, que facilita ainda mais o uso desse item essencial na rotina. A escolha ideal para o dia a dia, te ajuda a criar looks super elegantes. Aposte!<\/p>\n<div style='text-align: center'><img src='https:\/\/secure-static.anacapri.com.br\/medias\/sys_master\/anacapri\/anacapri\/h20\/h20\/h00\/h00\/9918943428638\/5001601770001U-04-BASEIMAGE-Midres.jpg' style='max-height: 400px' \/><img src='https:\/\/secure-static.anacapri.com.br\/medias\/sys_master\/anacapri\/anacapri\/hb0\/h3f\/h00\/h00\/9918943592478\/5001601770001U-05-BASEIMAGE-Midres.jpg' style='max-height: 400px' \/><img src='https:\/\/secure-static.anacapri.com.br\/medias\/sys_master\/anacapri\/anacapri\/hd1\/h7b\/h00\/h00\/9918943887390\/5001601770001U-06-BASEIMAGE-Midres.jpg' style='max-height: 400px' \/><\/div>\n<p>* Entre em contato por WhatsApp para verificar a disponibilidade do produto. Ref.: C5001601770001<\/p>\n","protected":false},"excerpt":{"rendered":"<p>Estoque indispon\u00edvel.<br \/><small>atualizado em 18\/05\/2022.<\/p>\n","protected":false},"featured_media":1091,"template":"","meta":[],"product_cat":[56],"product_tag":[],"_links":{"self":[{"href":"https:\/\/comprenowhats.com.br\/anacaprimacae\/wp-json\/wp\/v2\/product\/1092"}],"collection":[{"href":"https:\/\/comprenowhats.com.br\/anacaprimacae\/wp-json\/wp\/v2\/product"}],"about":[{"href":"https:\/\/comprenowhats.com.br\/anacaprimacae\/wp-json\/wp\/v2\/types\/product"}],"wp:featuredmedia":[{"embeddable":true,"href":"https:\/\/comprenowhats.com.br\/anacaprimacae\/wp-json\/wp\/v2\/media\/1091"}],"wp:attachment":[{"href":"https:\/\/comprenowhats.com.br\/anacaprimacae\/wp-json\/wp\/v2\/media?parent=1092"}],"wp:term":[{"taxonomy":"product_cat","embeddable":true,"href":"https:\/\/comprenowhats.com.br\/anacaprimacae\/wp-json\/wp\/v2\/product_cat?post=1092"},{"taxonomy":"product_tag","embeddable":true,"href":"https:\/\/comprenowhats.com.br\/anacaprimacae\/wp-json\/wp\/v2\/product_tag?post=1092"}],"curies":[{"name":"wp","href":"https:\/\/api.w.org\/{rel}","templated":true}]}}