{"id":1090,"date":"2020-10-28T14:56:29","date_gmt":"2020-10-28T17:56:29","guid":{"rendered":"https:\/\/comprenowhats.com.br\/anacaprimacae\/produto\/crossbody-palha-pequena-dourada\/"},"modified":"2022-05-18T11:34:46","modified_gmt":"2022-05-18T14:34:46","slug":"crossbody-palha-pequena-dourada","status":"publish","type":"product","link":"https:\/\/comprenowhats.com.br\/anacaprimacae\/produto\/crossbody-palha-pequena-dourada\/","title":{"rendered":"Crossbody Palha Pequena Dourada"},"content":{"rendered":"<p>Bolsa tiracolo pequena em palha e material metalizado dourado. O modelo tem formato estruturado, al\u00e7a tiracolo e al\u00e7a de m\u00e3o superior, ambas douradas. Traz capas em palha e fecho em sobrecapa frontal dourada e bot\u00e3o de press\u00e3o, com detalhe em costura pesponto no contorno e aplica\u00e7\u00e3o de brid\u00e3o met\u00e1lico. Apresenta ainda assinatura ANACAPRI na capa traseira.<\/p>\n<p><b>Porque Apostar<\/b><\/br><\/br>O modelo vem atualizado em vers\u00e3o natural glow bicolor, em palha e pe\u00e7as metalizadas. Super charmosa, fica mara com um look de passeio fresco e despojado! Use com jeans, camisa soltinha e rasteira e complete com maxi acess\u00f3rios divertidos.<\/p>\n<div style='text-align: center'><img src='https:\/\/secure-static.anacapri.com.br\/medias\/sys_master\/anacapri\/anacapri\/he4\/hb6\/h00\/h00\/9931925356574\/5001601810003U-03-BASEIMAGE-Midres.jpg' style='max-height: 400px' \/><img src='https:\/\/secure-static.anacapri.com.br\/medias\/sys_master\/anacapri\/anacapri\/h85\/hf9\/h00\/h00\/9931925684254\/5001601810003U-04-BASEIMAGE-Midres.jpg' style='max-height: 400px' \/><img src='https:\/\/secure-static.anacapri.com.br\/medias\/sys_master\/anacapri\/anacapri\/h6e\/hf0\/h00\/h00\/9931926011934\/5001601810003U-05-BASEIMAGE-Midres.jpg' style='max-height: 400px' \/><img src='https:\/\/secure-static.anacapri.com.br\/medias\/sys_master\/anacapri\/anacapri\/h35\/h54\/h00\/h00\/9931926339614\/5001601810003U-07-BASEIMAGE-Midres.jpg' style='max-height: 400px' \/><img src='https:\/\/secure-static.anacapri.com.br\/medias\/sys_master\/anacapri\/anacapri\/h20\/h5c\/h00\/h00\/9931926667294\/5001601810003U-08-BASEIMAGE-Midres.jpg' style='max-height: 400px' \/><\/div>\n<p>* Entre em contato por WhatsApp para verificar a disponibilidade do produto. Ref.: C5001601810003<\/p>\n","protected":false},"excerpt":{"rendered":"<p>Estoque indispon\u00edvel.<br \/><small>atualizado em 18\/05\/2022.<\/p>\n","protected":false},"featured_media":1089,"template":"","meta":[],"product_cat":[32],"product_tag":[],"_links":{"self":[{"href":"https:\/\/comprenowhats.com.br\/anacaprimacae\/wp-json\/wp\/v2\/product\/1090"}],"collection":[{"href":"https:\/\/comprenowhats.com.br\/anacaprimacae\/wp-json\/wp\/v2\/product"}],"about":[{"href":"https:\/\/comprenowhats.com.br\/anacaprimacae\/wp-json\/wp\/v2\/types\/product"}],"wp:featuredmedia":[{"embeddable":true,"href":"https:\/\/comprenowhats.com.br\/anacaprimacae\/wp-json\/wp\/v2\/media\/1089"}],"wp:attachment":[{"href":"https:\/\/comprenowhats.com.br\/anacaprimacae\/wp-json\/wp\/v2\/media?parent=1090"}],"wp:term":[{"taxonomy":"product_cat","embeddable":true,"href":"https:\/\/comprenowhats.com.br\/anacaprimacae\/wp-json\/wp\/v2\/product_cat?post=1090"},{"taxonomy":"product_tag","embeddable":true,"href":"https:\/\/comprenowhats.com.br\/anacaprimacae\/wp-json\/wp\/v2\/product_tag?post=1090"}],"curies":[{"name":"wp","href":"https:\/\/api.w.org\/{rel}","templated":true}]}}