{"id":1088,"date":"2020-10-28T14:56:27","date_gmt":"2020-10-28T17:56:27","guid":{"rendered":"https:\/\/comprenowhats.com.br\/anacaprimacae\/produto\/crossbody-palha-media-marrom\/"},"modified":"2022-05-18T11:34:40","modified_gmt":"2022-05-18T14:34:40","slug":"crossbody-palha-media-marrom","status":"publish","type":"product","link":"https:\/\/comprenowhats.com.br\/anacaprimacae\/produto\/crossbody-palha-media-marrom\/","title":{"rendered":"Crossbody Palha M\u00e9dia Marrom"},"content":{"rendered":"<p>Bolsa tiracolo m\u00e9dia em palha. O modelo tem formato estruturado e al\u00e7a tiracolo marrom ajust\u00e1vel, presa por ilh\u00f3s met\u00e1licos. Com fecho superior em z\u00edper e puxador, traz sobrecapa frontal marrom pequena com bot\u00e3o de press\u00e3o e inscri\u00e7\u00e3o do nome da marca. <\/p>\n<p><b>Porque Apostar<\/b><\/br><\/br>A cara da temporada, a bolsa crossbody aposta na palha e nos detalhes coloridos terrosos, bem trendy e com uma pegada natural chique. Fica linda com vestido longo, macac\u00e3o, bata soltinha e pe\u00e7as bem fluidas. Complete com rasteirinha e bora arrasar, mana!<\/p>\n<div style='text-align: center'><img src='https:\/\/secure-static.anacapri.com.br\/medias\/sys_master\/anacapri\/anacapri\/hc1\/hc1\/h00\/h00\/9931910283294\/5001601820002U-04-BASEIMAGE-Midres.jpg' style='max-height: 400px' \/><img src='https:\/\/secure-static.anacapri.com.br\/medias\/sys_master\/anacapri\/anacapri\/hcb\/hb6\/h00\/h00\/9931910610974\/5001601820002U-05-BASEIMAGE-Midres.jpg' style='max-height: 400px' \/><img src='https:\/\/secure-static.anacapri.com.br\/medias\/sys_master\/anacapri\/anacapri\/h90\/h04\/h00\/h00\/9931910938654\/5001601820002U-07-BASEIMAGE-Midres.jpg' style='max-height: 400px' \/><\/div>\n<p>* Entre em contato por WhatsApp para verificar a disponibilidade do produto. Ref.: C5001601820002<\/p>\n","protected":false},"excerpt":{"rendered":"<p>Estoque indispon\u00edvel.<br \/><small>atualizado em 18\/05\/2022.<\/p>\n","protected":false},"featured_media":1087,"template":"","meta":[],"product_cat":[32],"product_tag":[],"_links":{"self":[{"href":"https:\/\/comprenowhats.com.br\/anacaprimacae\/wp-json\/wp\/v2\/product\/1088"}],"collection":[{"href":"https:\/\/comprenowhats.com.br\/anacaprimacae\/wp-json\/wp\/v2\/product"}],"about":[{"href":"https:\/\/comprenowhats.com.br\/anacaprimacae\/wp-json\/wp\/v2\/types\/product"}],"wp:featuredmedia":[{"embeddable":true,"href":"https:\/\/comprenowhats.com.br\/anacaprimacae\/wp-json\/wp\/v2\/media\/1087"}],"wp:attachment":[{"href":"https:\/\/comprenowhats.com.br\/anacaprimacae\/wp-json\/wp\/v2\/media?parent=1088"}],"wp:term":[{"taxonomy":"product_cat","embeddable":true,"href":"https:\/\/comprenowhats.com.br\/anacaprimacae\/wp-json\/wp\/v2\/product_cat?post=1088"},{"taxonomy":"product_tag","embeddable":true,"href":"https:\/\/comprenowhats.com.br\/anacaprimacae\/wp-json\/wp\/v2\/product_tag?post=1088"}],"curies":[{"name":"wp","href":"https:\/\/api.w.org\/{rel}","templated":true}]}}