{"id":1086,"date":"2020-10-28T14:56:25","date_gmt":"2020-10-28T17:56:25","guid":{"rendered":"https:\/\/comprenowhats.com.br\/anacaprimacae\/produto\/bolsa-tote-vermelha-envelope-media\/"},"modified":"2022-05-18T11:34:46","modified_gmt":"2022-05-18T14:34:46","slug":"bolsa-tote-vermelha-envelope-media","status":"publish","type":"product","link":"https:\/\/comprenowhats.com.br\/anacaprimacae\/produto\/bolsa-tote-vermelha-envelope-media\/","title":{"rendered":"Bolsa Tote Vermelha Envelope M\u00e9dia"},"content":{"rendered":"<p>Bolsa tote m\u00e9dia vermelha. O modelo tem formato estruturado, al\u00e7a tiracolo e duas al\u00e7as de m\u00e3o. Com fecho superior em z\u00edper e puxador, traz bolso externo frontal com fecho envelope e detalhe em inscri\u00e7\u00e3o met\u00e1lica do nome da marca. <\/p>\n<p><b>Porque Apostar<\/b><\/br><\/br>B\u00e1sica e super pr\u00e1tica, a bolsa tote de cor neutra \u00e9 a queridinha dos looks do dia a dia e combina com tudo! Espa\u00e7osa, perfeita para carregar tudo o que voc\u00ea precisa por a\u00ed! Do jeans \u00e0 alfaiataria, vai bem com diversos moods e \u00e9 garantia de um visual elegante!<\/p>\n<div style='text-align: center'><img src='https:\/\/secure-static.anacapri.com.br\/medias\/sys_master\/anacapri\/anacapri\/he0\/h9f\/h00\/h00\/9932057673758\/5001601830001U-03-BASEIMAGE-Midres.jpg' style='max-height: 400px' \/><img src='https:\/\/secure-static.anacapri.com.br\/medias\/sys_master\/anacapri\/anacapri\/h43\/ha9\/h00\/h00\/9932058001438\/5001601830001U-04-BASEIMAGE-Midres.jpg' style='max-height: 400px' \/><img src='https:\/\/secure-static.anacapri.com.br\/medias\/sys_master\/anacapri\/anacapri\/h61\/h9b\/h00\/h00\/9932058329118\/5001601830001U-05-BASEIMAGE-Midres.jpg' style='max-height: 400px' \/><img src='https:\/\/secure-static.anacapri.com.br\/medias\/sys_master\/anacapri\/anacapri\/h7a\/h0a\/h00\/h00\/9932058656798\/5001601830001U-07-BASEIMAGE-Midres.jpg' style='max-height: 400px' \/><img src='https:\/\/secure-static.anacapri.com.br\/medias\/sys_master\/anacapri\/anacapri\/h1b\/h45\/h00\/h00\/9932058984478\/5001601830001U-08-BASEIMAGE-Midres.jpg' style='max-height: 400px' \/><\/div>\n<p>* Entre em contato por WhatsApp para verificar a disponibilidade do produto. Ref.: C5001601830001<\/p>\n","protected":false},"excerpt":{"rendered":"<p>Estoque indispon\u00edvel.<br \/><small>atualizado em 18\/05\/2022.<\/p>\n","protected":false},"featured_media":1085,"template":"","meta":[],"product_cat":[43],"product_tag":[],"_links":{"self":[{"href":"https:\/\/comprenowhats.com.br\/anacaprimacae\/wp-json\/wp\/v2\/product\/1086"}],"collection":[{"href":"https:\/\/comprenowhats.com.br\/anacaprimacae\/wp-json\/wp\/v2\/product"}],"about":[{"href":"https:\/\/comprenowhats.com.br\/anacaprimacae\/wp-json\/wp\/v2\/types\/product"}],"wp:featuredmedia":[{"embeddable":true,"href":"https:\/\/comprenowhats.com.br\/anacaprimacae\/wp-json\/wp\/v2\/media\/1085"}],"wp:attachment":[{"href":"https:\/\/comprenowhats.com.br\/anacaprimacae\/wp-json\/wp\/v2\/media?parent=1086"}],"wp:term":[{"taxonomy":"product_cat","embeddable":true,"href":"https:\/\/comprenowhats.com.br\/anacaprimacae\/wp-json\/wp\/v2\/product_cat?post=1086"},{"taxonomy":"product_tag","embeddable":true,"href":"https:\/\/comprenowhats.com.br\/anacaprimacae\/wp-json\/wp\/v2\/product_tag?post=1086"}],"curies":[{"name":"wp","href":"https:\/\/api.w.org\/{rel}","templated":true}]}}