{"id":1084,"date":"2020-10-28T14:56:24","date_gmt":"2020-10-28T17:56:24","guid":{"rendered":"https:\/\/comprenowhats.com.br\/anacaprimacae\/produto\/bolsa-tote-bege-envelope-media\/"},"modified":"2022-05-18T11:34:38","modified_gmt":"2022-05-18T14:34:38","slug":"bolsa-tote-bege-envelope-media","status":"publish","type":"product","link":"https:\/\/comprenowhats.com.br\/anacaprimacae\/produto\/bolsa-tote-bege-envelope-media\/","title":{"rendered":"Bolsa Tote Bege Envelope M\u00e9dia"},"content":{"rendered":"<p>Bolsa tote m\u00e9dia bege. O modelo tem formato estruturado, al\u00e7a tiracolo e duas al\u00e7as de m\u00e3o. Com fecho superior em z\u00edper e puxador, traz bolso externo frontal com fecho envelope e detalhe em inscri\u00e7\u00e3o met\u00e1lica do nome da marca. <\/p>\n<p><b>Porque Apostar<\/b><\/br><\/br>B\u00e1sica e super pr\u00e1tica, a bolsa tote de cor neutra \u00e9 a queridinha dos looks do dia a dia e combina com tudo! Espa\u00e7osa, perfeita para carregar tudo o que voc\u00ea precisa por a\u00ed! Do jeans \u00e0 alfaiataria, vai bem com diversos moods e \u00e9 garantia de um visual elegante!<\/p>\n<div style='text-align: center'><img src='https:\/\/secure-static.anacapri.com.br\/medias\/sys_master\/anacapri\/anacapri\/h05\/h6b\/h00\/h00\/9932054265886\/5001601830002U-04-BASEIMAGE-Midres.jpg' style='max-height: 400px' \/><img src='https:\/\/secure-static.anacapri.com.br\/medias\/sys_master\/anacapri\/anacapri\/h9b\/hba\/h00\/h00\/9932054593566\/5001601830002U-05-BASEIMAGE-Midres.jpg' style='max-height: 400px' \/><img src='https:\/\/secure-static.anacapri.com.br\/medias\/sys_master\/anacapri\/anacapri\/h94\/ha2\/h00\/h00\/9932054921246\/5001601830002U-07-BASEIMAGE-Midres.jpg' style='max-height: 400px' \/><\/div>\n<p>* Entre em contato por WhatsApp para verificar a disponibilidade do produto. Ref.: C5001601830002<\/p>\n","protected":false},"excerpt":{"rendered":"<p>Estoque indispon\u00edvel.<br \/><small>atualizado em 18\/05\/2022.<\/p>\n","protected":false},"featured_media":1083,"template":"","meta":[],"product_cat":[43],"product_tag":[],"_links":{"self":[{"href":"https:\/\/comprenowhats.com.br\/anacaprimacae\/wp-json\/wp\/v2\/product\/1084"}],"collection":[{"href":"https:\/\/comprenowhats.com.br\/anacaprimacae\/wp-json\/wp\/v2\/product"}],"about":[{"href":"https:\/\/comprenowhats.com.br\/anacaprimacae\/wp-json\/wp\/v2\/types\/product"}],"wp:featuredmedia":[{"embeddable":true,"href":"https:\/\/comprenowhats.com.br\/anacaprimacae\/wp-json\/wp\/v2\/media\/1083"}],"wp:attachment":[{"href":"https:\/\/comprenowhats.com.br\/anacaprimacae\/wp-json\/wp\/v2\/media?parent=1084"}],"wp:term":[{"taxonomy":"product_cat","embeddable":true,"href":"https:\/\/comprenowhats.com.br\/anacaprimacae\/wp-json\/wp\/v2\/product_cat?post=1084"},{"taxonomy":"product_tag","embeddable":true,"href":"https:\/\/comprenowhats.com.br\/anacaprimacae\/wp-json\/wp\/v2\/product_tag?post=1084"}],"curies":[{"name":"wp","href":"https:\/\/api.w.org\/{rel}","templated":true}]}}