{"id":1082,"date":"2020-10-28T14:56:22","date_gmt":"2020-10-28T17:56:22","guid":{"rendered":"https:\/\/comprenowhats.com.br\/anacaprimacae\/produto\/bolsa-tote-preta-envelope-media\/"},"modified":"2022-05-18T11:34:47","modified_gmt":"2022-05-18T14:34:47","slug":"bolsa-tote-preta-envelope-media","status":"publish","type":"product","link":"https:\/\/comprenowhats.com.br\/anacaprimacae\/produto\/bolsa-tote-preta-envelope-media\/","title":{"rendered":"Bolsa Tote Preta Envelope M\u00e9dia"},"content":{"rendered":"<p>Bolsa tote m\u00e9dia preta. O modelo tem formato estruturado, al\u00e7a tiracolo e duas al\u00e7as de m\u00e3o. Com fecho superior em z\u00edper e puxador, traz bolso externo frontal com fecho envelope e detalhe em inscri\u00e7\u00e3o met\u00e1lica do nome da marca. <\/p>\n<p><b>Porque Apostar<\/b><\/br><\/br>B\u00e1sica e super pr\u00e1tica, a bolsa tote de cor neutra \u00e9 a queridinha dos looks do dia a dia e combina com tudo! Espa\u00e7osa, perfeita para carregar tudo o que voc\u00ea precisa por a\u00ed! Do jeans \u00e0 alfaiataria, vai bem com diversos moods e \u00e9 garantia de um visual elegante!<\/p>\n<div style='text-align: center'><img src='https:\/\/secure-static.anacapri.com.br\/medias\/sys_master\/anacapri\/anacapri\/h1f\/h20\/h00\/h00\/9932067569694\/5001601830003U-04-BASEIMAGE-Midres.jpg' style='max-height: 400px' \/><img src='https:\/\/secure-static.anacapri.com.br\/medias\/sys_master\/anacapri\/anacapri\/hb5\/h6f\/h00\/h00\/9932067897374\/5001601830003U-05-BASEIMAGE-Midres.jpg' style='max-height: 400px' \/><img src='https:\/\/secure-static.anacapri.com.br\/medias\/sys_master\/anacapri\/anacapri\/h6e\/hd9\/h00\/h00\/9932068225054\/5001601830003U-07-BASEIMAGE-Midres.jpg' style='max-height: 400px' \/><\/div>\n<p>* Entre em contato por WhatsApp para verificar a disponibilidade do produto. Ref.: C5001601830003<\/p>\n","protected":false},"excerpt":{"rendered":"<p>Estoque indispon\u00edvel.<br \/><small>atualizado em 18\/05\/2022.<\/p>\n","protected":false},"featured_media":1081,"template":"","meta":[],"product_cat":[43],"product_tag":[],"_links":{"self":[{"href":"https:\/\/comprenowhats.com.br\/anacaprimacae\/wp-json\/wp\/v2\/product\/1082"}],"collection":[{"href":"https:\/\/comprenowhats.com.br\/anacaprimacae\/wp-json\/wp\/v2\/product"}],"about":[{"href":"https:\/\/comprenowhats.com.br\/anacaprimacae\/wp-json\/wp\/v2\/types\/product"}],"wp:featuredmedia":[{"embeddable":true,"href":"https:\/\/comprenowhats.com.br\/anacaprimacae\/wp-json\/wp\/v2\/media\/1081"}],"wp:attachment":[{"href":"https:\/\/comprenowhats.com.br\/anacaprimacae\/wp-json\/wp\/v2\/media?parent=1082"}],"wp:term":[{"taxonomy":"product_cat","embeddable":true,"href":"https:\/\/comprenowhats.com.br\/anacaprimacae\/wp-json\/wp\/v2\/product_cat?post=1082"},{"taxonomy":"product_tag","embeddable":true,"href":"https:\/\/comprenowhats.com.br\/anacaprimacae\/wp-json\/wp\/v2\/product_tag?post=1082"}],"curies":[{"name":"wp","href":"https:\/\/api.w.org\/{rel}","templated":true}]}}