{"id":1080,"date":"2020-10-28T14:56:22","date_gmt":"2020-10-28T17:56:22","guid":{"rendered":"https:\/\/comprenowhats.com.br\/anacaprimacae\/produto\/bolsa-crossbody-amarela-pvc-geometrica\/"},"modified":"2022-05-18T11:34:50","modified_gmt":"2022-05-18T14:34:50","slug":"bolsa-crossbody-amarela-pvc-geometrica","status":"publish","type":"product","link":"https:\/\/comprenowhats.com.br\/anacaprimacae\/produto\/bolsa-crossbody-amarela-pvc-geometrica\/","title":{"rendered":"Bolsa Crossbody Amarela PVC Geom\u00e9trica"},"content":{"rendered":"<p>Bolsa crossbody m\u00e9dia em PVC injetado amarela. O modelo tem formato estruturado, laterais arredondadas e al\u00e7a em tira ajust\u00e1vel. Traz fecho em sobrecapa frontal, com efeito texturizado tran\u00e7ado, e bot\u00e3o de press\u00e3o interno, al\u00e9m de placa met\u00e1lica com o nome da marca.<\/p>\n<p><b>Porque Apostar<\/b><\/br><\/br>A crossbody que a gente ama em um shape geom\u00e9trico super moderninho! Descomplicada, \u00e9 a escolha perfeita para um passeio e fica linda com jeans ou pe\u00e7as estampadas. Em PVC injetado e cor vibrante, insere um toque divertido e cool nos lookinhos. Para sair bem maravilhosa por a\u00ed, se joga, mana!<\/p>\n<div style='text-align: center'><img src='https:\/\/secure-static.anacapri.com.br\/medias\/sys_master\/anacapri\/anacapri\/h25\/hdb\/h00\/h00\/9911279091742\/5001800230001U-04-BASEIMAGE-Midres.jpg' style='max-height: 400px' \/><img src='https:\/\/secure-static.anacapri.com.br\/medias\/sys_master\/anacapri\/anacapri\/h04\/h73\/h00\/h00\/9911279419422\/5001800230001U-05-BASEIMAGE-Midres.jpg' style='max-height: 400px' \/><img src='https:\/\/secure-static.anacapri.com.br\/medias\/sys_master\/anacapri\/anacapri\/h99\/hc2\/h00\/h00\/9911279747102\/5001800230001U-06-BASEIMAGE-Midres.jpg' style='max-height: 400px' \/><\/div>\n<p>* Entre em contato por WhatsApp para verificar a disponibilidade do produto. Ref.: C5001800230001<\/p>\n","protected":false},"excerpt":{"rendered":"<p>Estoque indispon\u00edvel.<br \/><small>atualizado em 18\/05\/2022.<\/p>\n","protected":false},"featured_media":1079,"template":"","meta":[],"product_cat":[32],"product_tag":[],"_links":{"self":[{"href":"https:\/\/comprenowhats.com.br\/anacaprimacae\/wp-json\/wp\/v2\/product\/1080"}],"collection":[{"href":"https:\/\/comprenowhats.com.br\/anacaprimacae\/wp-json\/wp\/v2\/product"}],"about":[{"href":"https:\/\/comprenowhats.com.br\/anacaprimacae\/wp-json\/wp\/v2\/types\/product"}],"wp:featuredmedia":[{"embeddable":true,"href":"https:\/\/comprenowhats.com.br\/anacaprimacae\/wp-json\/wp\/v2\/media\/1079"}],"wp:attachment":[{"href":"https:\/\/comprenowhats.com.br\/anacaprimacae\/wp-json\/wp\/v2\/media?parent=1080"}],"wp:term":[{"taxonomy":"product_cat","embeddable":true,"href":"https:\/\/comprenowhats.com.br\/anacaprimacae\/wp-json\/wp\/v2\/product_cat?post=1080"},{"taxonomy":"product_tag","embeddable":true,"href":"https:\/\/comprenowhats.com.br\/anacaprimacae\/wp-json\/wp\/v2\/product_tag?post=1080"}],"curies":[{"name":"wp","href":"https:\/\/api.w.org\/{rel}","templated":true}]}}