{"id":1078,"date":"2020-10-28T14:56:20","date_gmt":"2020-10-28T17:56:20","guid":{"rendered":"https:\/\/comprenowhats.com.br\/anacaprimacae\/produto\/crossbody-palha-pequena-marrom\/"},"modified":"2022-05-18T11:34:39","modified_gmt":"2022-05-18T14:34:39","slug":"crossbody-palha-pequena-marrom","status":"publish","type":"product","link":"https:\/\/comprenowhats.com.br\/anacaprimacae\/produto\/crossbody-palha-pequena-marrom\/","title":{"rendered":"Crossbody Palha Pequena Marrom"},"content":{"rendered":"<p>Bolsa tiracolo pequena em palha e material marrom. O modelo tem formato estruturado, al\u00e7a tiracolo e al\u00e7a de m\u00e3o superior, ambas marrons. Traz capas em palha e fecho em sobrecapa frontal marrom e bot\u00e3o de press\u00e3o, com detalhe em costura pesponto no contorno e aplica\u00e7\u00e3o de brid\u00e3o met\u00e1lico. Apresenta ainda assinatura ANACAPRI na capa traseira.<\/p>\n<p><b>Porque Apostar<\/b><\/br><\/br>O modelo vem atualizado em vers\u00e3o natural bicolor, em palha e pe\u00e7as em tom terroso. Super charmosa, fica mara com um look de passeio fresco e despojado! Use com jeans, camisa soltinha e rasteira e complete com maxi acess\u00f3rios divertidos.<\/p>\n<div style='text-align: center'><img src='https:\/\/secure-static.anacapri.com.br\/medias\/sys_master\/anacapri\/anacapri\/h1b\/ha0\/h00\/h00\/9931936628766\/5001601810001U-04-BASEIMAGE-Midres.jpg' style='max-height: 400px' \/><img src='https:\/\/secure-static.anacapri.com.br\/medias\/sys_master\/anacapri\/anacapri\/hb1\/hef\/h00\/h00\/9931936956446\/5001601810001U-05-BASEIMAGE-Midres.jpg' style='max-height: 400px' \/><img src='https:\/\/secure-static.anacapri.com.br\/medias\/sys_master\/anacapri\/anacapri\/hc3\/hc6\/h00\/h00\/9931937349662\/5001601810001U-07-BASEIMAGE-Midres.jpg' style='max-height: 400px' \/><\/div>\n<p>* Entre em contato por WhatsApp para verificar a disponibilidade do produto. Ref.: C5001601810001<\/p>\n","protected":false},"excerpt":{"rendered":"<p>Estoque indispon\u00edvel.<br \/><small>atualizado em 18\/05\/2022.<\/p>\n","protected":false},"featured_media":1077,"template":"","meta":[],"product_cat":[32],"product_tag":[],"_links":{"self":[{"href":"https:\/\/comprenowhats.com.br\/anacaprimacae\/wp-json\/wp\/v2\/product\/1078"}],"collection":[{"href":"https:\/\/comprenowhats.com.br\/anacaprimacae\/wp-json\/wp\/v2\/product"}],"about":[{"href":"https:\/\/comprenowhats.com.br\/anacaprimacae\/wp-json\/wp\/v2\/types\/product"}],"wp:featuredmedia":[{"embeddable":true,"href":"https:\/\/comprenowhats.com.br\/anacaprimacae\/wp-json\/wp\/v2\/media\/1077"}],"wp:attachment":[{"href":"https:\/\/comprenowhats.com.br\/anacaprimacae\/wp-json\/wp\/v2\/media?parent=1078"}],"wp:term":[{"taxonomy":"product_cat","embeddable":true,"href":"https:\/\/comprenowhats.com.br\/anacaprimacae\/wp-json\/wp\/v2\/product_cat?post=1078"},{"taxonomy":"product_tag","embeddable":true,"href":"https:\/\/comprenowhats.com.br\/anacaprimacae\/wp-json\/wp\/v2\/product_tag?post=1078"}],"curies":[{"name":"wp","href":"https:\/\/api.w.org\/{rel}","templated":true}]}}