{"id":1076,"date":"2020-10-28T14:56:17","date_gmt":"2020-10-28T17:56:17","guid":{"rendered":"https:\/\/comprenowhats.com.br\/anacaprimacae\/produto\/crossbody-dourada-juta-pequena\/"},"modified":"2022-05-18T11:34:47","modified_gmt":"2022-05-18T14:34:47","slug":"crossbody-dourada-juta-pequena","status":"publish","type":"product","link":"https:\/\/comprenowhats.com.br\/anacaprimacae\/produto\/crossbody-dourada-juta-pequena\/","title":{"rendered":"Crossbody Dourada Juta Pequena"},"content":{"rendered":"<p>Bolsa tiracolo pequena em juta metalizada dourada. O modelo tem laterais arredondadas e al\u00e7a tiracolo em tira fininha. Traz fecho superior em z\u00edper com puxador e ilh\u00f3s met\u00e1lico com inscri\u00e7\u00e3o do nome da marca. Apresenta ainda tag met\u00e1lica com assinatura ANACAPRI na capa.<\/p>\n<p><b>Porque Apostar<\/b><\/br><\/br>O modelo mais amado vem atualizado em vers\u00e3o natural glow, em juta e acabamento metalizado. Super charmosa, \u00e9 mara para carregar s\u00f3 o essencial por a\u00ed e sair arrasando! Use com vestido soltinho e rasteira colorida para um look fresco e comfy, a cara da esta\u00e7\u00e3o!<\/p>\n<div style='text-align: center'><img src='https:\/\/secure-static.anacapri.com.br\/medias\/sys_master\/anacapri\/anacapri\/h00\/h53\/h00\/h00\/9931934335006\/5001600290149U-03-BASEIMAGE-Midres.jpg' style='max-height: 400px' \/><img src='https:\/\/secure-static.anacapri.com.br\/medias\/sys_master\/anacapri\/anacapri\/hda\/h52\/h00\/h00\/9931934662686\/5001600290149U-04-BASEIMAGE-Midres.jpg' style='max-height: 400px' \/><img src='https:\/\/secure-static.anacapri.com.br\/medias\/sys_master\/anacapri\/anacapri\/h44\/h03\/h00\/h00\/9931934990366\/5001600290149U-05-BASEIMAGE-Midres.jpg' style='max-height: 400px' \/><img src='https:\/\/secure-static.anacapri.com.br\/medias\/sys_master\/anacapri\/anacapri\/h59\/h57\/h00\/h00\/9931935318046\/5001600290149U-07-BASEIMAGE-Midres.jpg' style='max-height: 400px' \/><img src='https:\/\/secure-static.anacapri.com.br\/medias\/sys_master\/anacapri\/anacapri\/h89\/hb5\/h00\/h00\/9931935645726\/5001600290149U-08-BASEIMAGE-Midres.jpg' style='max-height: 400px' \/><\/div>\n<p>* Entre em contato por WhatsApp para verificar a disponibilidade do produto. Ref.: C5001600290149<\/p>\n","protected":false},"excerpt":{"rendered":"<p>Estoque indispon\u00edvel.<br \/><small>atualizado em 18\/05\/2022.<\/p>\n","protected":false},"featured_media":1075,"template":"","meta":[],"product_cat":[32],"product_tag":[],"_links":{"self":[{"href":"https:\/\/comprenowhats.com.br\/anacaprimacae\/wp-json\/wp\/v2\/product\/1076"}],"collection":[{"href":"https:\/\/comprenowhats.com.br\/anacaprimacae\/wp-json\/wp\/v2\/product"}],"about":[{"href":"https:\/\/comprenowhats.com.br\/anacaprimacae\/wp-json\/wp\/v2\/types\/product"}],"wp:featuredmedia":[{"embeddable":true,"href":"https:\/\/comprenowhats.com.br\/anacaprimacae\/wp-json\/wp\/v2\/media\/1075"}],"wp:attachment":[{"href":"https:\/\/comprenowhats.com.br\/anacaprimacae\/wp-json\/wp\/v2\/media?parent=1076"}],"wp:term":[{"taxonomy":"product_cat","embeddable":true,"href":"https:\/\/comprenowhats.com.br\/anacaprimacae\/wp-json\/wp\/v2\/product_cat?post=1076"},{"taxonomy":"product_tag","embeddable":true,"href":"https:\/\/comprenowhats.com.br\/anacaprimacae\/wp-json\/wp\/v2\/product_tag?post=1076"}],"curies":[{"name":"wp","href":"https:\/\/api.w.org\/{rel}","templated":true}]}}