{"id":1074,"date":"2020-10-28T14:56:16","date_gmt":"2020-10-28T17:56:16","guid":{"rendered":"https:\/\/comprenowhats.com.br\/anacaprimacae\/produto\/mochila-marrom-grande-descomplicada\/"},"modified":"2022-05-18T11:34:37","modified_gmt":"2022-05-18T14:34:37","slug":"mochila-marrom-grande-descomplicada","status":"publish","type":"product","link":"https:\/\/comprenowhats.com.br\/anacaprimacae\/produto\/mochila-marrom-grande-descomplicada\/","title":{"rendered":"Mochila Marrom Grande Descomplicada"},"content":{"rendered":"<p>Mochila grande marrom. O modelo tem bolso grande interno com fecho em enforcador e sobrecapa frontal com bot\u00f5es de press\u00e3o. Traz duas al\u00e7as ajust\u00e1veis na parte de tr\u00e1s e al\u00e7a de m\u00e3o superior pequena. Com inscri\u00e7\u00e3o met\u00e1lica em alto-relevo do nome da marca na capa frontal.<\/p>\n<p><b>Porque Apostar<\/b><\/br><\/br>Minimal, a mochila tem um estilo basiquinho, mas \u00e9 capaz de transformar o seu look do dia a dia! Insere um mood jovem e divertido e fica linda com jeans e t\u00eanis! Mega espa\u00e7osa, perfeita para carregar tudo o que voc\u00ea precisa por a\u00ed!<\/p>\n<div style='text-align: center'><img src='https:\/\/secure-static.anacapri.com.br\/medias\/sys_master\/anacapri\/anacapri\/he2\/hb6\/h00\/h00\/9932118622238\/5001203090003U-03-BASEIMAGE-Midres.jpg' style='max-height: 400px' \/><img src='https:\/\/secure-static.anacapri.com.br\/medias\/sys_master\/anacapri\/anacapri\/h59\/hee\/h00\/h00\/9932117311518\/5001203090003U-04-BASEIMAGE-Midres.jpg' style='max-height: 400px' \/><img src='https:\/\/secure-static.anacapri.com.br\/medias\/sys_master\/anacapri\/anacapri\/hca\/h5a\/h00\/h00\/9932116983838\/5001203090003U-05-BASEIMAGE-Midres.jpg' style='max-height: 400px' \/><img src='https:\/\/secure-static.anacapri.com.br\/medias\/sys_master\/anacapri\/anacapri\/h9f\/h0e\/h00\/h00\/9932117639198\/5001203090003U-07-BASEIMAGE-Midres.jpg' style='max-height: 400px' \/><img src='https:\/\/secure-static.anacapri.com.br\/medias\/sys_master\/anacapri\/anacapri\/h90\/h4f\/h00\/h00\/9932117966878\/5001203090003U-08-BASEIMAGE-Midres.jpg' style='max-height: 400px' \/><\/div>\n<p>* Entre em contato por WhatsApp para verificar a disponibilidade do produto. Ref.: C5001203090003<\/p>\n","protected":false},"excerpt":{"rendered":"<p>Estoque indispon\u00edvel.<br \/><small>atualizado em 18\/05\/2022.<\/p>\n","protected":false},"featured_media":1073,"template":"","meta":[],"product_cat":[40],"product_tag":[],"_links":{"self":[{"href":"https:\/\/comprenowhats.com.br\/anacaprimacae\/wp-json\/wp\/v2\/product\/1074"}],"collection":[{"href":"https:\/\/comprenowhats.com.br\/anacaprimacae\/wp-json\/wp\/v2\/product"}],"about":[{"href":"https:\/\/comprenowhats.com.br\/anacaprimacae\/wp-json\/wp\/v2\/types\/product"}],"wp:featuredmedia":[{"embeddable":true,"href":"https:\/\/comprenowhats.com.br\/anacaprimacae\/wp-json\/wp\/v2\/media\/1073"}],"wp:attachment":[{"href":"https:\/\/comprenowhats.com.br\/anacaprimacae\/wp-json\/wp\/v2\/media?parent=1074"}],"wp:term":[{"taxonomy":"product_cat","embeddable":true,"href":"https:\/\/comprenowhats.com.br\/anacaprimacae\/wp-json\/wp\/v2\/product_cat?post=1074"},{"taxonomy":"product_tag","embeddable":true,"href":"https:\/\/comprenowhats.com.br\/anacaprimacae\/wp-json\/wp\/v2\/product_tag?post=1074"}],"curies":[{"name":"wp","href":"https:\/\/api.w.org\/{rel}","templated":true}]}}