{"id":1072,"date":"2020-10-28T14:56:15","date_gmt":"2020-10-28T17:56:15","guid":{"rendered":"https:\/\/comprenowhats.com.br\/anacaprimacae\/produto\/mochila-caramelo-grande-minimalista\/"},"modified":"2022-05-18T11:34:36","modified_gmt":"2022-05-18T14:34:36","slug":"mochila-caramelo-grande-minimalista","status":"publish","type":"product","link":"https:\/\/comprenowhats.com.br\/anacaprimacae\/produto\/mochila-caramelo-grande-minimalista\/","title":{"rendered":"Mochila Caramelo Grande Minimalista"},"content":{"rendered":"<p>Mochila grande marrom. O modelo tem bolso grande com fecho em z\u00edper e puxador e bolso externo frontal. Traz duas al\u00e7as ajust\u00e1veis na parte de tr\u00e1s e al\u00e7a de m\u00e3o superior refor\u00e7ada. Com inscri\u00e7\u00e3o met\u00e1lica em alto-relevo do nome da marca na capa frontal.<\/p>\n<p><b>Porque Apostar<\/b><\/br><\/br>Urbana e super trendy, a mochila \u00e9 a escolha perfeita para acompanhar a rotina corrida com espa\u00e7o de sobra e praticidade! O modelo \u00e9 basiquinho e combina com tudo! Aposte em jeans mom, camisa estampada e t\u00eanis para um visual divertido e com pegada 90&#8217;s.<\/p>\n<div style='text-align: center'><img src='https:\/\/secure-static.anacapri.com.br\/medias\/sys_master\/anacapri\/anacapri\/hf4\/ha3\/h00\/h00\/9920054001694\/5001203040003U-03-BASEIMAGE-Midres.jpg' style='max-height: 400px' \/><img src='https:\/\/secure-static.anacapri.com.br\/medias\/sys_master\/anacapri\/anacapri\/h96\/hf8\/h00\/h00\/9920054165534\/5001203040003U-04-BASEIMAGE-Midres.jpg' style='max-height: 400px' \/><img src='https:\/\/secure-static.anacapri.com.br\/medias\/sys_master\/anacapri\/anacapri\/haf\/ha0\/h00\/h00\/9920054329374\/5001203040003U-05-BASEIMAGE-Midres.jpg' style='max-height: 400px' \/><img src='https:\/\/secure-static.anacapri.com.br\/medias\/sys_master\/anacapri\/anacapri\/h3d\/h23\/h00\/h00\/9920053477406\/5001203040003U-06-BASEIMAGE-Midres.jpg' style='max-height: 400px' \/><img src='https:\/\/secure-static.anacapri.com.br\/medias\/sys_master\/anacapri\/anacapri\/h5f\/h65\/h00\/h00\/9920053674014\/5001203040003U-07-BASEIMAGE-Midres.jpg' style='max-height: 400px' \/><img src='https:\/\/secure-static.anacapri.com.br\/medias\/sys_master\/anacapri\/anacapri\/h2d\/hab\/h00\/h00\/9911010426910\/5001203040003U-08-BASEIMAGE-Midres.jpg' style='max-height: 400px' \/><\/div>\n<p>* Entre em contato por WhatsApp para verificar a disponibilidade do produto. Ref.: C5001203040003<\/p>\n","protected":false},"excerpt":{"rendered":"<p>Estoque indispon\u00edvel.<br \/><small>atualizado em 18\/05\/2022.<\/p>\n","protected":false},"featured_media":1071,"template":"","meta":[],"product_cat":[40],"product_tag":[],"_links":{"self":[{"href":"https:\/\/comprenowhats.com.br\/anacaprimacae\/wp-json\/wp\/v2\/product\/1072"}],"collection":[{"href":"https:\/\/comprenowhats.com.br\/anacaprimacae\/wp-json\/wp\/v2\/product"}],"about":[{"href":"https:\/\/comprenowhats.com.br\/anacaprimacae\/wp-json\/wp\/v2\/types\/product"}],"wp:featuredmedia":[{"embeddable":true,"href":"https:\/\/comprenowhats.com.br\/anacaprimacae\/wp-json\/wp\/v2\/media\/1071"}],"wp:attachment":[{"href":"https:\/\/comprenowhats.com.br\/anacaprimacae\/wp-json\/wp\/v2\/media?parent=1072"}],"wp:term":[{"taxonomy":"product_cat","embeddable":true,"href":"https:\/\/comprenowhats.com.br\/anacaprimacae\/wp-json\/wp\/v2\/product_cat?post=1072"},{"taxonomy":"product_tag","embeddable":true,"href":"https:\/\/comprenowhats.com.br\/anacaprimacae\/wp-json\/wp\/v2\/product_tag?post=1072"}],"curies":[{"name":"wp","href":"https:\/\/api.w.org\/{rel}","templated":true}]}}