{"id":1066,"date":"2020-10-28T14:56:12","date_gmt":"2020-10-28T17:56:12","guid":{"rendered":"https:\/\/comprenowhats.com.br\/anacaprimacae\/produto\/bolsa-crossbody-caramelo-e-bege\/"},"modified":"2022-05-18T11:46:07","modified_gmt":"2022-05-18T14:46:07","slug":"bolsa-crossbody-caramelo-e-bege","status":"publish","type":"product","link":"https:\/\/comprenowhats.com.br\/anacaprimacae\/produto\/bolsa-crossbody-caramelo-e-bege\/","title":{"rendered":"Bolsa Crossbody Caramelo e Bege"},"content":{"rendered":"<p>Bolsa crossbody pequena marrom. O modelo tem formato estruturado e retangular e al\u00e7a em tira fina bege, presa no terminal a cada uma das capas, frontal e traseira. Traz inscri\u00e7\u00e3o met\u00e1lica do nome da marca na capa. Com fecho superior em z\u00edper e puxador em tira bege dupla e argola met\u00e1lica.<\/p>\n<p><b>Porque Apostar<\/b><\/br><\/br>A crossbody que a gente ama em vers\u00e3o com mix de tons terrosos! Compacta, \u00e9 a escolha perfeita para um passeio e fica linda com jeans ou vestido estampado. Aposte na dupla com rasteirinha bem confort\u00e1vel e acess\u00f3rios coloridos, a cara da temporada!<\/p>\n<div style='text-align: center'><img src='https:\/\/secure-static.anacapri.com.br\/medias\/sys_master\/anacapri\/anacapri\/h21\/hf4\/h00\/h00\/9910830432286\/5001203030005U-05-BASEIMAGE-Midres.jpg' style='max-height: 400px' \/><img src='https:\/\/secure-static.anacapri.com.br\/medias\/sys_master\/anacapri\/anacapri\/h43\/h5d\/h00\/h00\/9910830759966\/5001203030005U-07-BASEIMAGE-Midres.jpg' style='max-height: 400px' \/><img src='https:\/\/secure-static.anacapri.com.br\/medias\/sys_master\/anacapri\/anacapri\/h5f\/h06\/h00\/h00\/9910831087646\/5001203030005U-08-BASEIMAGE-Midres.jpg' style='max-height: 400px' \/><\/div>\n<p>* Entre em contato por WhatsApp para verificar a disponibilidade do produto. Ref.: C5001203030005<\/p>\n","protected":false},"excerpt":{"rendered":"<p>Estoque indispon\u00edvel.<br \/><small>atualizado em 18\/05\/2022.<\/p>\n","protected":false},"featured_media":1065,"template":"","meta":[],"product_cat":[32],"product_tag":[22,23],"_links":{"self":[{"href":"https:\/\/comprenowhats.com.br\/anacaprimacae\/wp-json\/wp\/v2\/product\/1066"}],"collection":[{"href":"https:\/\/comprenowhats.com.br\/anacaprimacae\/wp-json\/wp\/v2\/product"}],"about":[{"href":"https:\/\/comprenowhats.com.br\/anacaprimacae\/wp-json\/wp\/v2\/types\/product"}],"wp:featuredmedia":[{"embeddable":true,"href":"https:\/\/comprenowhats.com.br\/anacaprimacae\/wp-json\/wp\/v2\/media\/1065"}],"wp:attachment":[{"href":"https:\/\/comprenowhats.com.br\/anacaprimacae\/wp-json\/wp\/v2\/media?parent=1066"}],"wp:term":[{"taxonomy":"product_cat","embeddable":true,"href":"https:\/\/comprenowhats.com.br\/anacaprimacae\/wp-json\/wp\/v2\/product_cat?post=1066"},{"taxonomy":"product_tag","embeddable":true,"href":"https:\/\/comprenowhats.com.br\/anacaprimacae\/wp-json\/wp\/v2\/product_tag?post=1066"}],"curies":[{"name":"wp","href":"https:\/\/api.w.org\/{rel}","templated":true}]}}