{"id":1064,"date":"2020-10-28T14:56:10","date_gmt":"2020-10-28T17:56:10","guid":{"rendered":"https:\/\/comprenowhats.com.br\/anacaprimacae\/produto\/bolsa-crossbody-azul-e-caramelo\/"},"modified":"2022-05-18T11:46:04","modified_gmt":"2022-05-18T14:46:04","slug":"bolsa-crossbody-azul-e-caramelo","status":"publish","type":"product","link":"https:\/\/comprenowhats.com.br\/anacaprimacae\/produto\/bolsa-crossbody-azul-e-caramelo\/","title":{"rendered":"Bolsa Crossbody Azul e Caramelo"},"content":{"rendered":"<p>Bolsa crossbody pequena preta. O modelo tem formato estruturado e retangular e al\u00e7a em tira fina marrom, presa no terminal a cada uma das capas, frontal e traseira. Traz inscri\u00e7\u00e3o met\u00e1lica do nome da marca na capa. Com fecho superior em z\u00edper e puxador em tira marrom dupla e argola met\u00e1lica.<\/p>\n<p><b>Porque Apostar<\/b><\/br><\/br>A crossbody que a gente ama em vers\u00e3o com mix de tons terrosos! Compacta, \u00e9 a escolha perfeita para um passeio e fica linda com jeans ou vestido estampado. Aposte na dupla com rasteirinha bem confort\u00e1vel e acess\u00f3rios coloridos, a cara da temporada!<\/p>\n<div style='text-align: center'><img src='https:\/\/secure-static.anacapri.com.br\/medias\/sys_master\/anacapri\/anacapri\/hc1\/h0e\/h00\/h00\/9910821748766\/5001203030003U-04-BASEIMAGE-Midres.jpg' style='max-height: 400px' \/><img src='https:\/\/secure-static.anacapri.com.br\/medias\/sys_master\/anacapri\/anacapri\/he1\/h54\/h00\/h00\/9910822076446\/5001203030003U-05-BASEIMAGE-Midres.jpg' style='max-height: 400px' \/><img src='https:\/\/secure-static.anacapri.com.br\/medias\/sys_master\/anacapri\/anacapri\/hb1\/hf7\/h00\/h00\/9910822404126\/5001203030003U-07-BASEIMAGE-Midres.jpg' style='max-height: 400px' \/><\/div>\n<p>* Entre em contato por WhatsApp para verificar a disponibilidade do produto. Ref.: C5001203030003<\/p>\n","protected":false},"excerpt":{"rendered":"<p>Estoque indispon\u00edvel.<br \/><small>atualizado em 18\/05\/2022.<\/p>\n","protected":false},"featured_media":1063,"template":"","meta":[],"product_cat":[32],"product_tag":[22,23],"_links":{"self":[{"href":"https:\/\/comprenowhats.com.br\/anacaprimacae\/wp-json\/wp\/v2\/product\/1064"}],"collection":[{"href":"https:\/\/comprenowhats.com.br\/anacaprimacae\/wp-json\/wp\/v2\/product"}],"about":[{"href":"https:\/\/comprenowhats.com.br\/anacaprimacae\/wp-json\/wp\/v2\/types\/product"}],"wp:featuredmedia":[{"embeddable":true,"href":"https:\/\/comprenowhats.com.br\/anacaprimacae\/wp-json\/wp\/v2\/media\/1063"}],"wp:attachment":[{"href":"https:\/\/comprenowhats.com.br\/anacaprimacae\/wp-json\/wp\/v2\/media?parent=1064"}],"wp:term":[{"taxonomy":"product_cat","embeddable":true,"href":"https:\/\/comprenowhats.com.br\/anacaprimacae\/wp-json\/wp\/v2\/product_cat?post=1064"},{"taxonomy":"product_tag","embeddable":true,"href":"https:\/\/comprenowhats.com.br\/anacaprimacae\/wp-json\/wp\/v2\/product_tag?post=1064"}],"curies":[{"name":"wp","href":"https:\/\/api.w.org\/{rel}","templated":true}]}}