{"id":1058,"date":"2020-10-28T14:56:07","date_gmt":"2020-10-28T17:56:07","guid":{"rendered":"https:\/\/comprenowhats.com.br\/anacaprimacae\/produto\/bolsa-tote-preta\/"},"modified":"2022-05-18T11:33:54","modified_gmt":"2022-05-18T14:33:54","slug":"bolsa-tote-preta","status":"publish","type":"product","link":"https:\/\/comprenowhats.com.br\/anacaprimacae\/produto\/bolsa-tote-preta\/","title":{"rendered":"Bolsa Tote Preta"},"content":{"rendered":"<p>Bolsa tote preta. O modelo tem al\u00e7a crossbody com ilh\u00f3s e duas al\u00e7as de m\u00e3o, que se estendem em tiras sobre a capa frontal e s\u00e3o presas por n\u00f3s. Com fecho superior, traz inscri\u00e7\u00e3o met\u00e1lica em alto-relevo do nome da marca na capa.<\/p>\n<p><b>Porque Apostar<\/b><\/br><\/br>A bolsa tote \u00e9 um cl\u00e1ssico e sua cor neutra a torna ainda mais vers\u00e1til e pr\u00e1tica. Elegante, \u00e9 a escolha ideal para acompanhar a rotina! Espa\u00e7osa, acomoda itens pessoais com facilidade e vai do escrit\u00f3rio ao passeio. Vai ser sua nova bff, pode apostar!<\/p>\n<div style='text-align: center'><img src='https:\/\/secure-static.anacapri.com.br\/medias\/sys_master\/anacapri\/anacapri\/hfc\/h5e\/h00\/h00\/9920057278494\/5001203010001U-04-BASEIMAGE-Midres.jpg' style='max-height: 400px' \/><img src='https:\/\/secure-static.anacapri.com.br\/medias\/sys_master\/anacapri\/anacapri\/hb9\/h9b\/h00\/h00\/9920057442334\/5001203010001U-05-BASEIMAGE-Midres.jpg' style='max-height: 400px' \/><img src='https:\/\/secure-static.anacapri.com.br\/medias\/sys_master\/anacapri\/anacapri\/h8a\/hd5\/h00\/h00\/9920057737246\/5001203010001U-06-BASEIMAGE-Midres.jpg' style='max-height: 400px' \/><\/div>\n<p>* Entre em contato por WhatsApp para verificar a disponibilidade do produto. Ref.: C5001203010001<\/p>\n","protected":false},"excerpt":{"rendered":"<p>Estoque indispon\u00edvel.<br \/><small>atualizado em 18\/05\/2022.<\/p>\n","protected":false},"featured_media":1057,"template":"","meta":[],"product_cat":[43],"product_tag":[],"_links":{"self":[{"href":"https:\/\/comprenowhats.com.br\/anacaprimacae\/wp-json\/wp\/v2\/product\/1058"}],"collection":[{"href":"https:\/\/comprenowhats.com.br\/anacaprimacae\/wp-json\/wp\/v2\/product"}],"about":[{"href":"https:\/\/comprenowhats.com.br\/anacaprimacae\/wp-json\/wp\/v2\/types\/product"}],"wp:featuredmedia":[{"embeddable":true,"href":"https:\/\/comprenowhats.com.br\/anacaprimacae\/wp-json\/wp\/v2\/media\/1057"}],"wp:attachment":[{"href":"https:\/\/comprenowhats.com.br\/anacaprimacae\/wp-json\/wp\/v2\/media?parent=1058"}],"wp:term":[{"taxonomy":"product_cat","embeddable":true,"href":"https:\/\/comprenowhats.com.br\/anacaprimacae\/wp-json\/wp\/v2\/product_cat?post=1058"},{"taxonomy":"product_tag","embeddable":true,"href":"https:\/\/comprenowhats.com.br\/anacaprimacae\/wp-json\/wp\/v2\/product_tag?post=1058"}],"curies":[{"name":"wp","href":"https:\/\/api.w.org\/{rel}","templated":true}]}}