{"id":1056,"date":"2020-10-28T14:56:05","date_gmt":"2020-10-28T17:56:05","guid":{"rendered":"https:\/\/comprenowhats.com.br\/anacaprimacae\/produto\/sandalia-bege-flatform-palha\/"},"modified":"2022-05-18T11:33:41","modified_gmt":"2022-05-18T14:33:41","slug":"sandalia-bege-flatform-palha","status":"publish","type":"product","link":"https:\/\/comprenowhats.com.br\/anacaprimacae\/produto\/sandalia-bege-flatform-palha\/","title":{"rendered":"Sand\u00e1lia Bege Flatform Palha"},"content":{"rendered":"<p>Sand\u00e1lia bege. O modelo tem salto baixo flatform revestido em palha e bico redondo. Traz cabedal em tiras bordadas bege com fios dourados, vazadas e unidas no centro. Com fecho em tiras bege afiveladas no calcanhar e tornozelo.<\/p>\n<p><b>Porque Apostar<\/b><\/br><\/br>A flatform \u00e9 super confort\u00e1vel e bff das descomplicadas! A sand\u00e1lia vem com aquela pegada boho que a gente ama e fica linda com pe\u00e7as fluidas e estampadas. Charmosa e fresca, vai ser sua companheira nos dias quentes de ver\u00e3o!<\/p>\n<div style='text-align: center'><img src='https:\/\/secure-static.anacapri.com.br\/medias\/sys_master\/anacapri\/anacapri\/he8\/hcf\/h00\/h00\/9921710751774\/3016200120002U-04-BASEIMAGE-Midres.jpg' style='max-height: 400px' \/><img src='https:\/\/secure-static.anacapri.com.br\/medias\/sys_master\/anacapri\/anacapri\/h99\/h28\/h00\/h00\/9921711079454\/3016200120002U-05-BASEIMAGE-Midres.jpg' style='max-height: 400px' \/><img src='https:\/\/secure-static.anacapri.com.br\/medias\/sys_master\/anacapri\/anacapri\/h69\/hcb\/h00\/h00\/9921711407134\/3016200120002U-06-BASEIMAGE-Midres.jpg' style='max-height: 400px' \/><\/div>\n<p>* Entre em contato por WhatsApp para verificar a disponibilidade do produto. Ref.: C3016200120002<\/p>\n","protected":false},"excerpt":{"rendered":"<p>Estoque indispon\u00edvel.<br \/><small>atualizado em 18\/05\/2022.<\/p>\n","protected":false},"featured_media":1055,"template":"","meta":[],"product_cat":[57],"product_tag":[22],"_links":{"self":[{"href":"https:\/\/comprenowhats.com.br\/anacaprimacae\/wp-json\/wp\/v2\/product\/1056"}],"collection":[{"href":"https:\/\/comprenowhats.com.br\/anacaprimacae\/wp-json\/wp\/v2\/product"}],"about":[{"href":"https:\/\/comprenowhats.com.br\/anacaprimacae\/wp-json\/wp\/v2\/types\/product"}],"wp:featuredmedia":[{"embeddable":true,"href":"https:\/\/comprenowhats.com.br\/anacaprimacae\/wp-json\/wp\/v2\/media\/1055"}],"wp:attachment":[{"href":"https:\/\/comprenowhats.com.br\/anacaprimacae\/wp-json\/wp\/v2\/media?parent=1056"}],"wp:term":[{"taxonomy":"product_cat","embeddable":true,"href":"https:\/\/comprenowhats.com.br\/anacaprimacae\/wp-json\/wp\/v2\/product_cat?post=1056"},{"taxonomy":"product_tag","embeddable":true,"href":"https:\/\/comprenowhats.com.br\/anacaprimacae\/wp-json\/wp\/v2\/product_tag?post=1056"}],"curies":[{"name":"wp","href":"https:\/\/api.w.org\/{rel}","templated":true}]}}