{"id":1054,"date":"2020-10-28T14:56:04","date_gmt":"2020-10-28T17:56:04","guid":{"rendered":"https:\/\/comprenowhats.com.br\/anacaprimacae\/produto\/tenis-branco-corda-flatform\/"},"modified":"2022-05-18T11:33:02","modified_gmt":"2022-05-18T14:33:02","slug":"tenis-branco-corda-flatform","status":"publish","type":"product","link":"https:\/\/comprenowhats.com.br\/anacaprimacae\/produto\/tenis-branco-corda-flatform\/","title":{"rendered":"T\u00eanis Branco Corda Flatform"},"content":{"rendered":"<p>T\u00eanis branco. O modelo de amarra\u00e7\u00e3o tem solado alto flatform, revestido em palha natural. De bico redondo, o t\u00eanis traz fecho em cadar\u00e7os brancos, tira em gorgur\u00e3o no calcanhar e tag marrom discreta do nome da marca na lateral do cabedal.<\/p>\n<p><b>Porque Apostar<\/b><\/br><\/br>Naturalzinho, pr\u00e1tico e mega confort\u00e1vel, o t\u00eanis vem naquele mood descomplicado que a gente ama e traz um cheirinho de ver\u00e3o! Perfeito para criar looks office despojados ou acompanhar um passeio. Combine com jeans, pe\u00e7as coloridas e estampadas e acess\u00f3rios com uma pegada artesanal. Voc\u00ea vai se apaixonar e n\u00e3o vai querer mais tirar dos p\u00e9s!<\/p>\n<div style='text-align: center'><img src='https:\/\/secure-static.anacapri.com.br\/medias\/sys_master\/anacapri\/anacapri\/h45\/h9e\/h00\/h00\/9910943678494\/3011500540002U-04-BASEIMAGE-Midres.jpg' style='max-height: 400px' \/><img src='https:\/\/secure-static.anacapri.com.br\/medias\/sys_master\/anacapri\/anacapri\/hde\/haa\/h00\/h00\/9910944006174\/3011500540002U-05-BASEIMAGE-Midres.jpg' style='max-height: 400px' \/><img src='https:\/\/secure-static.anacapri.com.br\/medias\/sys_master\/anacapri\/anacapri\/hf2\/hf6\/h00\/h00\/9910944333854\/3011500540002U-06-BASEIMAGE-Midres.jpg' style='max-height: 400px' \/><\/div>\n<p>* Entre em contato por WhatsApp para verificar a disponibilidade do produto. Ref.: C3011500540002<\/p>\n","protected":false},"excerpt":{"rendered":"<p>Estoque indispon\u00edvel.<br \/><small>atualizado em 18\/05\/2022.<\/p>\n","protected":false},"featured_media":1053,"template":"","meta":[],"product_cat":[50],"product_tag":[25,26,27],"_links":{"self":[{"href":"https:\/\/comprenowhats.com.br\/anacaprimacae\/wp-json\/wp\/v2\/product\/1054"}],"collection":[{"href":"https:\/\/comprenowhats.com.br\/anacaprimacae\/wp-json\/wp\/v2\/product"}],"about":[{"href":"https:\/\/comprenowhats.com.br\/anacaprimacae\/wp-json\/wp\/v2\/types\/product"}],"wp:featuredmedia":[{"embeddable":true,"href":"https:\/\/comprenowhats.com.br\/anacaprimacae\/wp-json\/wp\/v2\/media\/1053"}],"wp:attachment":[{"href":"https:\/\/comprenowhats.com.br\/anacaprimacae\/wp-json\/wp\/v2\/media?parent=1054"}],"wp:term":[{"taxonomy":"product_cat","embeddable":true,"href":"https:\/\/comprenowhats.com.br\/anacaprimacae\/wp-json\/wp\/v2\/product_cat?post=1054"},{"taxonomy":"product_tag","embeddable":true,"href":"https:\/\/comprenowhats.com.br\/anacaprimacae\/wp-json\/wp\/v2\/product_tag?post=1054"}],"curies":[{"name":"wp","href":"https:\/\/api.w.org\/{rel}","templated":true}]}}