{"id":1044,"date":"2020-10-28T14:55:59","date_gmt":"2020-10-28T17:55:59","guid":{"rendered":"https:\/\/comprenowhats.com.br\/anacaprimacae\/produto\/tenis-branco-lona-ale\/"},"modified":"2022-05-18T11:45:47","modified_gmt":"2022-05-18T14:45:47","slug":"tenis-branco-lona-ale","status":"publish","type":"product","link":"https:\/\/comprenowhats.com.br\/anacaprimacae\/produto\/tenis-branco-lona-ale\/","title":{"rendered":"T\u00eanis Branco Lona Al\u00ea"},"content":{"rendered":"<p>Presen\u00e7a confirmada nos p\u00e9s das fashionistas descomplicadas! O t\u00eanis com shape slim, revestimento em lona e solado vulcanizado \u00e9 ideal para arrasar muito no look e na vida sem abrir m\u00e3o do conforto &#8211; porque a gente sabe o quanto voc\u00ea j\u00e1 andou pra chegar at\u00e9 aqui, mana! Arrasa \ud83d\ude42<\/p>\n<div style='text-align: center'><img src='https:\/\/secure-static.anacapri.com.br\/medias\/sys_master\/anacapri\/anacapri\/hf9\/hb4\/h00\/h00\/9770925850654\/3023000010003U-04-BASEIMAGE-Midres.jpg' style='max-height: 400px' \/><img src='https:\/\/secure-static.anacapri.com.br\/medias\/sys_master\/anacapri\/anacapri\/h70\/hfb\/h00\/h00\/9770925522974\/3023000010003U-05-BASEIMAGE-Midres.jpg' style='max-height: 400px' \/><img src='https:\/\/secure-static.anacapri.com.br\/medias\/sys_master\/anacapri\/anacapri\/h99\/hf9\/h00\/h00\/9770925195294\/3023000010003U-06-BASEIMAGE-Midres.jpg' style='max-height: 400px' \/><\/div>\n<p>* Entre em contato por WhatsApp para verificar a disponibilidade do produto. Ref.: C3023000010003<\/p>\n","protected":false},"excerpt":{"rendered":"<p>Estoque indispon\u00edvel.<br \/><small>atualizado em 18\/05\/2022.<\/p>\n","protected":false},"featured_media":1043,"template":"","meta":[],"product_cat":[50],"product_tag":[23],"_links":{"self":[{"href":"https:\/\/comprenowhats.com.br\/anacaprimacae\/wp-json\/wp\/v2\/product\/1044"}],"collection":[{"href":"https:\/\/comprenowhats.com.br\/anacaprimacae\/wp-json\/wp\/v2\/product"}],"about":[{"href":"https:\/\/comprenowhats.com.br\/anacaprimacae\/wp-json\/wp\/v2\/types\/product"}],"wp:featuredmedia":[{"embeddable":true,"href":"https:\/\/comprenowhats.com.br\/anacaprimacae\/wp-json\/wp\/v2\/media\/1043"}],"wp:attachment":[{"href":"https:\/\/comprenowhats.com.br\/anacaprimacae\/wp-json\/wp\/v2\/media?parent=1044"}],"wp:term":[{"taxonomy":"product_cat","embeddable":true,"href":"https:\/\/comprenowhats.com.br\/anacaprimacae\/wp-json\/wp\/v2\/product_cat?post=1044"},{"taxonomy":"product_tag","embeddable":true,"href":"https:\/\/comprenowhats.com.br\/anacaprimacae\/wp-json\/wp\/v2\/product_tag?post=1044"}],"curies":[{"name":"wp","href":"https:\/\/api.w.org\/{rel}","templated":true}]}}