{"id":1042,"date":"2020-10-28T14:55:57","date_gmt":"2020-10-28T17:55:57","guid":{"rendered":"https:\/\/comprenowhats.com.br\/anacaprimacae\/produto\/mule-bege-palha-bordada\/"},"modified":"2022-05-18T11:34:22","modified_gmt":"2022-05-18T14:34:22","slug":"mule-bege-palha-bordada","status":"publish","type":"product","link":"https:\/\/comprenowhats.com.br\/anacaprimacae\/produto\/mule-bege-palha-bordada\/","title":{"rendered":"Mule Bege Palha Bordada"},"content":{"rendered":"<p>Mule bege. O modelo tem salto rasteiro, bico fino e cabedal com tiras tran\u00e7adas. Fechada, traz recorte gota sobre o peito do p\u00e9. Aberta no calcanhar, tem palmilha bege com nome da marca.<\/p>\n<p><b>Porque Apostar<\/b><\/br><\/br>Minimal e na trend artesanal da temporada, a mule \u00e9 um charme s\u00f3! Elegante e confort\u00e1vel, \u00e9 perfeita para criar um look com mood natural e fresquinho! Combine com bolsa em palha e bora arrasar, mana!<\/p>\n<div style='text-align: center'><img src='https:\/\/secure-static.anacapri.com.br\/medias\/sys_master\/anacapri\/anacapri\/h9b\/h0e\/h00\/h00\/9921719599134\/3022900260001U-04-BASEIMAGE-Midres.jpg' style='max-height: 400px' \/><img src='https:\/\/secure-static.anacapri.com.br\/medias\/sys_master\/anacapri\/anacapri\/ha6\/h03\/h00\/h00\/9921719926814\/3022900260001U-05-BASEIMAGE-Midres.jpg' style='max-height: 400px' \/><img src='https:\/\/secure-static.anacapri.com.br\/medias\/sys_master\/anacapri\/anacapri\/h22\/h8d\/h00\/h00\/9921720254494\/3022900260001U-06-BASEIMAGE-Midres.jpg' style='max-height: 400px' \/><\/div>\n<p>* Entre em contato por WhatsApp para verificar a disponibilidade do produto. Ref.: C3022900260001<\/p>\n","protected":false},"excerpt":{"rendered":"<p>Estoque dispon\u00edvel nos tamanhos: 34, 35.<br \/><small>atualizado em 18\/05\/2022.<\/p>\n","protected":false},"featured_media":1041,"template":"","meta":[],"product_cat":[52],"product_tag":[22,23],"_links":{"self":[{"href":"https:\/\/comprenowhats.com.br\/anacaprimacae\/wp-json\/wp\/v2\/product\/1042"}],"collection":[{"href":"https:\/\/comprenowhats.com.br\/anacaprimacae\/wp-json\/wp\/v2\/product"}],"about":[{"href":"https:\/\/comprenowhats.com.br\/anacaprimacae\/wp-json\/wp\/v2\/types\/product"}],"wp:featuredmedia":[{"embeddable":true,"href":"https:\/\/comprenowhats.com.br\/anacaprimacae\/wp-json\/wp\/v2\/media\/1041"}],"wp:attachment":[{"href":"https:\/\/comprenowhats.com.br\/anacaprimacae\/wp-json\/wp\/v2\/media?parent=1042"}],"wp:term":[{"taxonomy":"product_cat","embeddable":true,"href":"https:\/\/comprenowhats.com.br\/anacaprimacae\/wp-json\/wp\/v2\/product_cat?post=1042"},{"taxonomy":"product_tag","embeddable":true,"href":"https:\/\/comprenowhats.com.br\/anacaprimacae\/wp-json\/wp\/v2\/product_tag?post=1042"}],"curies":[{"name":"wp","href":"https:\/\/api.w.org\/{rel}","templated":true}]}}