{"id":1036,"date":"2020-10-28T14:55:50","date_gmt":"2020-10-28T17:55:50","guid":{"rendered":"https:\/\/comprenowhats.com.br\/anacaprimacae\/produto\/mule-rosa-fechada-tiras-no\/"},"modified":"2022-05-18T11:34:19","modified_gmt":"2022-05-18T14:34:19","slug":"mule-rosa-fechada-tiras-no","status":"publish","type":"product","link":"https:\/\/comprenowhats.com.br\/anacaprimacae\/produto\/mule-rosa-fechada-tiras-no\/","title":{"rendered":"Mule Rosa Fechada Tiras N\u00f3"},"content":{"rendered":"<p>Mule rosa. O modelo tem salto rasteiro, bico fino e cabedal com recorte em V, al\u00e9m de tiras bombadas unidas por n\u00f3 lateral sobre o peito do p\u00e9. Fechada, deixa o calcanhar \u00e0 mostra.<\/p>\n<p><b>Porque Apostar<\/b><\/br><\/br>Elegant\u00e9rrima, a mule vem em vers\u00e3o com bico fino e tiras bombadas super charmosas! O recorte geom\u00e9trico do cabedal insere um toque moderninho no visual. Use com alfaiataria em tons neutros ou vibrantes e se prepare para arrasar no look office!<\/p>\n<div style='text-align: center'><img src='https:\/\/secure-static.anacapri.com.br\/medias\/sys_master\/anacapri\/anacapri\/hfb\/hbe\/h00\/h00\/9917775183902\/3022900200001U-04-BASEIMAGE-Midres.jpg' style='max-height: 400px' \/><img src='https:\/\/secure-static.anacapri.com.br\/medias\/sys_master\/anacapri\/anacapri\/h1d\/he9\/h00\/h00\/9917775347742\/3022900200001U-05-BASEIMAGE-Midres.jpg' style='max-height: 400px' \/><img src='https:\/\/secure-static.anacapri.com.br\/medias\/sys_master\/anacapri\/anacapri\/hd7\/h63\/h00\/h00\/9917775511582\/3022900200001U-06-BASEIMAGE-Midres.jpg' style='max-height: 400px' \/><\/div>\n<p>* Entre em contato por WhatsApp para verificar a disponibilidade do produto. Ref.: C3022900200001<\/p>\n","protected":false},"excerpt":{"rendered":"<p>Estoque indispon\u00edvel.<br \/><small>atualizado em 18\/05\/2022.<\/p>\n","protected":false},"featured_media":1035,"template":"","meta":[],"product_cat":[52],"product_tag":[23,26],"_links":{"self":[{"href":"https:\/\/comprenowhats.com.br\/anacaprimacae\/wp-json\/wp\/v2\/product\/1036"}],"collection":[{"href":"https:\/\/comprenowhats.com.br\/anacaprimacae\/wp-json\/wp\/v2\/product"}],"about":[{"href":"https:\/\/comprenowhats.com.br\/anacaprimacae\/wp-json\/wp\/v2\/types\/product"}],"wp:featuredmedia":[{"embeddable":true,"href":"https:\/\/comprenowhats.com.br\/anacaprimacae\/wp-json\/wp\/v2\/media\/1035"}],"wp:attachment":[{"href":"https:\/\/comprenowhats.com.br\/anacaprimacae\/wp-json\/wp\/v2\/media?parent=1036"}],"wp:term":[{"taxonomy":"product_cat","embeddable":true,"href":"https:\/\/comprenowhats.com.br\/anacaprimacae\/wp-json\/wp\/v2\/product_cat?post=1036"},{"taxonomy":"product_tag","embeddable":true,"href":"https:\/\/comprenowhats.com.br\/anacaprimacae\/wp-json\/wp\/v2\/product_tag?post=1036"}],"curies":[{"name":"wp","href":"https:\/\/api.w.org\/{rel}","templated":true}]}}