{"id":1019,"date":"2020-09-23T14:47:32","date_gmt":"2020-09-23T17:47:32","guid":{"rendered":"https:\/\/comprenowhats.com.br\/anacaprimacae\/produto\/bolsa-mini-tote-vermelha\/"},"modified":"2022-08-18T15:23:34","modified_gmt":"2022-08-18T18:23:34","slug":"bolsa-mini-tote-vermelha","status":"publish","type":"product","link":"https:\/\/comprenowhats.com.br\/anacaprimacae\/produto\/bolsa-mini-tote-vermelha\/","title":{"rendered":"Bolsa Mini Tote Vermelha"},"content":{"rendered":"<p>Mega trend! E mega fofa! A mini tote j\u00e1 virou queridinha das estilosas no street style e agora ganha o cora\u00e7\u00e3o de quem n\u00e3o resiste a minibag marrom. Ideal para completar at\u00e9 o look mais b\u00e1sico! Pensada para voc\u00ea!<\/p>\n<div style='text-align: center'><img src='https:\/\/secure-static.anacapri.com.br\/medias\/sys_master\/anacapri\/anacapri\/h75\/h7c\/h00\/h00\/9871774122014\/5001400030004U-03-BASEIMAGE-Midres.jpg' style='max-height: 400px' \/><img src='https:\/\/secure-static.anacapri.com.br\/medias\/sys_master\/anacapri\/anacapri\/h71\/hdc\/h00\/h00\/9871774285854\/5001400030004U-04-BASEIMAGE-Midres.jpg' style='max-height: 400px' \/><img src='https:\/\/secure-static.anacapri.com.br\/medias\/sys_master\/anacapri\/anacapri\/ha8\/hcb\/h00\/h00\/9871774449694\/5001400030004U-05-BASEIMAGE-Midres.jpg' style='max-height: 400px' \/><img src='https:\/\/secure-static.anacapri.com.br\/medias\/sys_master\/anacapri\/anacapri\/h15\/hab\/h00\/h00\/9277018996766\/5001400030004U-06-BASEIMAGE-Midres.png' style='max-height: 400px' \/><img src='https:\/\/secure-static.anacapri.com.br\/medias\/sys_master\/anacapri\/anacapri\/h16\/h58\/h00\/h00\/9871774744606\/5001400030004U-07-BASEIMAGE-Midres.jpg' style='max-height: 400px' \/><img src='https:\/\/secure-static.anacapri.com.br\/medias\/sys_master\/anacapri\/anacapri\/h0d\/h74\/h00\/h00\/9871775072286\/5001400030004U-08-BASEIMAGE-Midres.jpg' style='max-height: 400px' \/><\/div>\n<p>* Entre em contato por WhatsApp para verificar a disponibilidade do produto. Ref.: C5001400030004<\/p>\n","protected":false},"excerpt":{"rendered":"<p>Em estoque.<br \/><small>atualizado em 18\/08\/2022.<\/p>\n","protected":false},"featured_media":1018,"template":"","meta":[],"product_cat":[32],"product_tag":[],"_links":{"self":[{"href":"https:\/\/comprenowhats.com.br\/anacaprimacae\/wp-json\/wp\/v2\/product\/1019"}],"collection":[{"href":"https:\/\/comprenowhats.com.br\/anacaprimacae\/wp-json\/wp\/v2\/product"}],"about":[{"href":"https:\/\/comprenowhats.com.br\/anacaprimacae\/wp-json\/wp\/v2\/types\/product"}],"wp:featuredmedia":[{"embeddable":true,"href":"https:\/\/comprenowhats.com.br\/anacaprimacae\/wp-json\/wp\/v2\/media\/1018"}],"wp:attachment":[{"href":"https:\/\/comprenowhats.com.br\/anacaprimacae\/wp-json\/wp\/v2\/media?parent=1019"}],"wp:term":[{"taxonomy":"product_cat","embeddable":true,"href":"https:\/\/comprenowhats.com.br\/anacaprimacae\/wp-json\/wp\/v2\/product_cat?post=1019"},{"taxonomy":"product_tag","embeddable":true,"href":"https:\/\/comprenowhats.com.br\/anacaprimacae\/wp-json\/wp\/v2\/product_tag?post=1019"}],"curies":[{"name":"wp","href":"https:\/\/api.w.org\/{rel}","templated":true}]}}