{"id":1013,"date":"2020-09-23T14:47:27","date_gmt":"2020-09-23T17:47:27","guid":{"rendered":"https:\/\/comprenowhats.com.br\/anacaprimacae\/produto\/bolsa-shopping-marrom-minimalista\/"},"modified":"2022-05-18T11:34:33","modified_gmt":"2022-05-18T14:34:33","slug":"bolsa-shopping-marrom-minimalista","status":"publish","type":"product","link":"https:\/\/comprenowhats.com.br\/anacaprimacae\/produto\/bolsa-shopping-marrom-minimalista\/","title":{"rendered":"Bolsa Shopping Marrom Minimalista"},"content":{"rendered":"<p>Bolsa shopping marrom. O modelo tem duas al\u00e7as de ombro em tiras que se estendem sobre a capa frontal. Com fecho superior, traz detalhes em costura pesponto e inscri\u00e7\u00e3o em alto-relevo do nome da marca na capa frontal.<\/p>\n<p><b>Porque Apostar<\/b><\/br><\/br>Aquela bolsa que combina com tudo e vai bem em diferentes ocasi\u00f5es! Super minimalista e pr\u00e1tica, \u00e9 perfeita para um visual descomplicado do dia a dia! Seu shape \u00e9 atemporal e acomoda com espa\u00e7o os itens pessoais. Do trabalho ao passeio, \u00e9 aposta certeira!<\/p>\n<div style='text-align: center'><img src='https:\/\/secure-static.anacapri.com.br\/medias\/sys_master\/anacapri\/anacapri\/h6f\/h3b\/h00\/h00\/9889240252446\/5001202970004U-04-BASEIMAGE-Midres.jpg' style='max-height: 400px' \/><img src='https:\/\/secure-static.anacapri.com.br\/medias\/sys_master\/anacapri\/anacapri\/h05\/h8b\/h00\/h00\/9889240580126\/5001202970004U-05-BASEIMAGE-Midres.jpg' style='max-height: 400px' \/><img src='https:\/\/secure-static.anacapri.com.br\/medias\/sys_master\/anacapri\/anacapri\/he1\/h8a\/h00\/h00\/9889240907806\/5001202970004U-07-BASEIMAGE-Midres.jpg' style='max-height: 400px' \/><img src='https:\/\/secure-static.anacapri.com.br\/medias\/sys_master\/anacapri\/anacapri\/hea\/h6e\/h00\/h00\/9889241235486\/5001202970004U-08-BASEIMAGE-Midres.jpg' style='max-height: 400px' \/><\/div>\n<p>* Entre em contato por WhatsApp para verificar a disponibilidade do produto. Ref.: C5001202970004<\/p>\n","protected":false},"excerpt":{"rendered":"<p>Estoque indispon\u00edvel.<br \/><small>atualizado em 18\/05\/2022.<\/p>\n","protected":false},"featured_media":1012,"template":"","meta":[],"product_cat":[56],"product_tag":[],"_links":{"self":[{"href":"https:\/\/comprenowhats.com.br\/anacaprimacae\/wp-json\/wp\/v2\/product\/1013"}],"collection":[{"href":"https:\/\/comprenowhats.com.br\/anacaprimacae\/wp-json\/wp\/v2\/product"}],"about":[{"href":"https:\/\/comprenowhats.com.br\/anacaprimacae\/wp-json\/wp\/v2\/types\/product"}],"wp:featuredmedia":[{"embeddable":true,"href":"https:\/\/comprenowhats.com.br\/anacaprimacae\/wp-json\/wp\/v2\/media\/1012"}],"wp:attachment":[{"href":"https:\/\/comprenowhats.com.br\/anacaprimacae\/wp-json\/wp\/v2\/media?parent=1013"}],"wp:term":[{"taxonomy":"product_cat","embeddable":true,"href":"https:\/\/comprenowhats.com.br\/anacaprimacae\/wp-json\/wp\/v2\/product_cat?post=1013"},{"taxonomy":"product_tag","embeddable":true,"href":"https:\/\/comprenowhats.com.br\/anacaprimacae\/wp-json\/wp\/v2\/product_tag?post=1013"}],"curies":[{"name":"wp","href":"https:\/\/api.w.org\/{rel}","templated":true}]}}