{"id":1009,"date":"2020-09-23T14:47:23","date_gmt":"2020-09-23T17:47:23","guid":{"rendered":"https:\/\/comprenowhats.com.br\/anacaprimacae\/produto\/crossbody-nude-matelasse-quadrado\/"},"modified":"2022-05-18T11:33:39","modified_gmt":"2022-05-18T14:33:39","slug":"crossbody-nude-matelasse-quadrado","status":"publish","type":"product","link":"https:\/\/comprenowhats.com.br\/anacaprimacae\/produto\/crossbody-nude-matelasse-quadrado\/","title":{"rendered":"Crossbody Nude Matelass\u00ea Quadrado"},"content":{"rendered":"<p>Um mix de cl\u00e1ssica, com toque moderninho. Assim \u00e9 essa crossbody que vai ficar toda estilosa no seu look de brech\u00f3 e tamb\u00e9m com aquele vestidinho lindo que comprou para arrasar! O formato quadradinho \u00e9 um hit e o matelass\u00ea das costuras deixa ela ainda mais elaborada! A al\u00e7a de m\u00e3o traz um elemento mais delicado, mas a al\u00e7a guerreira mesmo \u00e9 a longa: crossbody da vida &#8211; como viver sem?<\/p>\n<div style='text-align: center'><img src='https:\/\/secure-static.anacapri.com.br\/medias\/sys_master\/anacapri\/anacapri\/h59\/he7\/h00\/h00\/9837453148190\/5001202670003U-03-BASEIMAGE-Midres.jpg' style='max-height: 400px' \/><img src='https:\/\/secure-static.anacapri.com.br\/medias\/sys_master\/anacapri\/anacapri\/h5c\/h13\/h00\/h00\/9837453312030\/5001202670003U-04-BASEIMAGE-Midres.jpg' style='max-height: 400px' \/><img src='https:\/\/secure-static.anacapri.com.br\/medias\/sys_master\/anacapri\/anacapri\/h76\/hba\/h00\/h00\/9837453475870\/5001202670003U-05-BASEIMAGE-Midres.jpg' style='max-height: 400px' \/><img src='https:\/\/secure-static.anacapri.com.br\/medias\/sys_master\/anacapri\/anacapri\/h3b\/haa\/h00\/h00\/9837453639710\/5001202670003U-06-BASEIMAGE-Midres.jpg' style='max-height: 400px' \/><img src='https:\/\/secure-static.anacapri.com.br\/medias\/sys_master\/anacapri\/anacapri\/h0e\/hd7\/h00\/h00\/9837453869086\/5001202670003U-07-BASEIMAGE-Midres.jpg' style='max-height: 400px' \/><img src='https:\/\/secure-static.anacapri.com.br\/medias\/sys_master\/anacapri\/anacapri\/h11\/h76\/h00\/h00\/9837454032926\/5001202670003U-08-BASEIMAGE-Midres.jpg' style='max-height: 400px' \/><\/div>\n<p>* Entre em contato por WhatsApp para verificar a disponibilidade do produto. Ref.: C5001202670003<\/p>\n","protected":false},"excerpt":{"rendered":"<p>Estoque indispon\u00edvel.<br \/><small>atualizado em 18\/05\/2022.<\/p>\n","protected":false},"featured_media":1008,"template":"","meta":[],"product_cat":[32],"product_tag":[],"_links":{"self":[{"href":"https:\/\/comprenowhats.com.br\/anacaprimacae\/wp-json\/wp\/v2\/product\/1009"}],"collection":[{"href":"https:\/\/comprenowhats.com.br\/anacaprimacae\/wp-json\/wp\/v2\/product"}],"about":[{"href":"https:\/\/comprenowhats.com.br\/anacaprimacae\/wp-json\/wp\/v2\/types\/product"}],"wp:featuredmedia":[{"embeddable":true,"href":"https:\/\/comprenowhats.com.br\/anacaprimacae\/wp-json\/wp\/v2\/media\/1008"}],"wp:attachment":[{"href":"https:\/\/comprenowhats.com.br\/anacaprimacae\/wp-json\/wp\/v2\/media?parent=1009"}],"wp:term":[{"taxonomy":"product_cat","embeddable":true,"href":"https:\/\/comprenowhats.com.br\/anacaprimacae\/wp-json\/wp\/v2\/product_cat?post=1009"},{"taxonomy":"product_tag","embeddable":true,"href":"https:\/\/comprenowhats.com.br\/anacaprimacae\/wp-json\/wp\/v2\/product_tag?post=1009"}],"curies":[{"name":"wp","href":"https:\/\/api.w.org\/{rel}","templated":true}]}}