{"id":1007,"date":"2020-09-23T14:47:21","date_gmt":"2020-09-23T17:47:21","guid":{"rendered":"https:\/\/comprenowhats.com.br\/anacaprimacae\/produto\/crossbody-marrom-matelasse-quadrado\/"},"modified":"2022-05-18T11:34:31","modified_gmt":"2022-05-18T14:34:31","slug":"crossbody-marrom-matelasse-quadrado","status":"publish","type":"product","link":"https:\/\/comprenowhats.com.br\/anacaprimacae\/produto\/crossbody-marrom-matelasse-quadrado\/","title":{"rendered":"Crossbody Marrom Matelass\u00ea Quadrado"},"content":{"rendered":"<p>Um mix de cl\u00e1ssica, com toque moderninho. Assim \u00e9 essa crossbody que vai ficar toda estilosa no seu look de brech\u00f3 e tamb\u00e9m com aquele vestidinho lindo que comprou para arrasar! O formato quadradinho \u00e9 um hit e o matelass\u00ea das costuras deixa ela ainda mais elaborada! A al\u00e7a de m\u00e3o traz um elemento mais delicado, mas a al\u00e7a guerreira mesmo \u00e9 a longa: crossbody da vida &#8211; como viver sem?<\/p>\n<div style='text-align: center'><img src='https:\/\/secure-static.anacapri.com.br\/medias\/sys_master\/anacapri\/anacapri\/h53\/h21\/h00\/h00\/9643954765854\/5001202670002U-03-BASEIMAGE-Midres.jpg' style='max-height: 400px' \/><img src='https:\/\/secure-static.anacapri.com.br\/medias\/sys_master\/anacapri\/anacapri\/hdc\/h3c\/h00\/h00\/9643954438174\/5001202670002U-04-BASEIMAGE-Midres.jpg' style='max-height: 400px' \/><img src='https:\/\/secure-static.anacapri.com.br\/medias\/sys_master\/anacapri\/anacapri\/h37\/hf8\/h00\/h00\/9643954110494\/5001202670002U-05-BASEIMAGE-Midres.jpg' style='max-height: 400px' \/><img src='https:\/\/secure-static.anacapri.com.br\/medias\/sys_master\/anacapri\/anacapri\/h06\/h89\/h00\/h00\/9643953782814\/5001202670002U-06-BASEIMAGE-Midres.jpg' style='max-height: 400px' \/><img src='https:\/\/secure-static.anacapri.com.br\/medias\/sys_master\/anacapri\/anacapri\/h36\/he7\/h00\/h00\/9643953455134\/5001202670002U-07-BASEIMAGE-Midres.jpg' style='max-height: 400px' \/><img src='https:\/\/secure-static.anacapri.com.br\/medias\/sys_master\/anacapri\/anacapri\/ha0\/h97\/h00\/h00\/9643953127454\/5001202670002U-08-BASEIMAGE-Midres.jpg' style='max-height: 400px' \/><\/div>\n<p>* Entre em contato por WhatsApp para verificar a disponibilidade do produto. Ref.: C5001202670002<\/p>\n","protected":false},"excerpt":{"rendered":"<p>Estoque indispon\u00edvel.<br \/><small>atualizado em 18\/05\/2022.<\/p>\n","protected":false},"featured_media":1006,"template":"","meta":[],"product_cat":[32],"product_tag":[],"_links":{"self":[{"href":"https:\/\/comprenowhats.com.br\/anacaprimacae\/wp-json\/wp\/v2\/product\/1007"}],"collection":[{"href":"https:\/\/comprenowhats.com.br\/anacaprimacae\/wp-json\/wp\/v2\/product"}],"about":[{"href":"https:\/\/comprenowhats.com.br\/anacaprimacae\/wp-json\/wp\/v2\/types\/product"}],"wp:featuredmedia":[{"embeddable":true,"href":"https:\/\/comprenowhats.com.br\/anacaprimacae\/wp-json\/wp\/v2\/media\/1006"}],"wp:attachment":[{"href":"https:\/\/comprenowhats.com.br\/anacaprimacae\/wp-json\/wp\/v2\/media?parent=1007"}],"wp:term":[{"taxonomy":"product_cat","embeddable":true,"href":"https:\/\/comprenowhats.com.br\/anacaprimacae\/wp-json\/wp\/v2\/product_cat?post=1007"},{"taxonomy":"product_tag","embeddable":true,"href":"https:\/\/comprenowhats.com.br\/anacaprimacae\/wp-json\/wp\/v2\/product_tag?post=1007"}],"curies":[{"name":"wp","href":"https:\/\/api.w.org\/{rel}","templated":true}]}}