{"id":1005,"date":"2020-09-23T14:47:18","date_gmt":"2020-09-23T17:47:18","guid":{"rendered":"https:\/\/comprenowhats.com.br\/anacaprimacae\/produto\/crossbody-preta-matelasse-quadrado\/"},"modified":"2022-05-18T11:33:53","modified_gmt":"2022-05-18T14:33:53","slug":"crossbody-preta-matelasse-quadrado","status":"publish","type":"product","link":"https:\/\/comprenowhats.com.br\/anacaprimacae\/produto\/crossbody-preta-matelasse-quadrado\/","title":{"rendered":"Crossbody Preta Matelass\u00ea Quadrado"},"content":{"rendered":"<p>Um mix de cl\u00e1ssica, com toque moderninho. Assim \u00e9 essa crossbody que vai ficar toda estilosa no seu look de brech\u00f3 e tamb\u00e9m com aquele vestidinho lindo que comprou para arrasar! O formato quadradinho \u00e9 um hit e o matelass\u00ea das costuras deixa ela ainda mais elaborada! A al\u00e7a de m\u00e3o traz um elemento mais delicado, mas a al\u00e7a guerreira mesmo \u00e9 a longa: crossbody da vida &#8211; como viver sem?<\/p>\n<div style='text-align: center'><img src='https:\/\/secure-static.anacapri.com.br\/medias\/sys_master\/anacapri\/anacapri\/h78\/h20\/h00\/h00\/9643978129438\/5001202670001U-03-BASEIMAGE-Midres.jpg' style='max-height: 400px' \/><img src='https:\/\/secure-static.anacapri.com.br\/medias\/sys_master\/anacapri\/anacapri\/hc7\/hc7\/h00\/h00\/9643977801758\/5001202670001U-04-BASEIMAGE-Midres.jpg' style='max-height: 400px' \/><img src='https:\/\/secure-static.anacapri.com.br\/medias\/sys_master\/anacapri\/anacapri\/hbd\/hd2\/h00\/h00\/9643977474078\/5001202670001U-05-BASEIMAGE-Midres.jpg' style='max-height: 400px' \/><img src='https:\/\/secure-static.anacapri.com.br\/medias\/sys_master\/anacapri\/anacapri\/h27\/h83\/h00\/h00\/9643977146398\/5001202670001U-06-BASEIMAGE-Midres.jpg' style='max-height: 400px' \/><img src='https:\/\/secure-static.anacapri.com.br\/medias\/sys_master\/anacapri\/anacapri\/h30\/h67\/h00\/h00\/9643976818718\/5001202670001U-07-BASEIMAGE-Midres.jpg' style='max-height: 400px' \/><img src='https:\/\/secure-static.anacapri.com.br\/medias\/sys_master\/anacapri\/anacapri\/he8\/h82\/h00\/h00\/9643976491038\/5001202670001U-08-BASEIMAGE-Midres.jpg' style='max-height: 400px' \/><\/div>\n<p>* Entre em contato por WhatsApp para verificar a disponibilidade do produto. Ref.: C5001202670001<\/p>\n","protected":false},"excerpt":{"rendered":"<p>Estoque indispon\u00edvel.<br \/><small>atualizado em 18\/05\/2022.<\/p>\n","protected":false},"featured_media":1004,"template":"","meta":[],"product_cat":[32],"product_tag":[],"_links":{"self":[{"href":"https:\/\/comprenowhats.com.br\/anacaprimacae\/wp-json\/wp\/v2\/product\/1005"}],"collection":[{"href":"https:\/\/comprenowhats.com.br\/anacaprimacae\/wp-json\/wp\/v2\/product"}],"about":[{"href":"https:\/\/comprenowhats.com.br\/anacaprimacae\/wp-json\/wp\/v2\/types\/product"}],"wp:featuredmedia":[{"embeddable":true,"href":"https:\/\/comprenowhats.com.br\/anacaprimacae\/wp-json\/wp\/v2\/media\/1004"}],"wp:attachment":[{"href":"https:\/\/comprenowhats.com.br\/anacaprimacae\/wp-json\/wp\/v2\/media?parent=1005"}],"wp:term":[{"taxonomy":"product_cat","embeddable":true,"href":"https:\/\/comprenowhats.com.br\/anacaprimacae\/wp-json\/wp\/v2\/product_cat?post=1005"},{"taxonomy":"product_tag","embeddable":true,"href":"https:\/\/comprenowhats.com.br\/anacaprimacae\/wp-json\/wp\/v2\/product_tag?post=1005"}],"curies":[{"name":"wp","href":"https:\/\/api.w.org\/{rel}","templated":true}]}}